{"id":117706,"date":"2022-03-28T11:01:53","date_gmt":"2022-03-28T18:01:53","guid":{"rendered":"https:\/\/destinationindigenous.ca\/?page_id=117706"},"modified":"2022-03-28T11:17:44","modified_gmt":"2022-03-28T18:17:44","slug":"comprendre-nos-epreuves-et-victoires","status":"publish","type":"page","link":"https:\/\/destinationindigenous.ca\/fr\/reconciliation\/comprendre-nos-epreuves-et-victoires\/","title":{"rendered":"Comprendre Nos \u00c9preuves Et Victoires"},"content":{"rendered":"<p>Aujourd&rsquo;hui, les peuples autochtones au Canada partagent fi\u00e8rement des histoires de leur pass\u00e9, de leur pr\u00e9sent et de leur avenir avec des visiteurs de partout. Mais notre parcours n&rsquo;a pas \u00e9t\u00e9 sans souffrances ni \u00e9preuves.<\/p>\n","protected":false},"excerpt":{"rendered":"<p>Aujourd&rsquo;hui, les peuples autochtones au Canada partagent fi\u00e8rement des histoires de leur pass\u00e9, de leur pr\u00e9sent et de leur avenir [&hellip;]<\/p>\n","protected":false},"author":42,"featured_media":117707,"parent":117697,"menu_order":0,"comment_status":"closed","ping_status":"closed","template":"","meta":{"footnotes":""},"categories":[879],"tags":[],"class_list":["post-117706","page","type-page","status-publish","has-post-thumbnail","hentry","category-education-page-fr","listing_sub_type-reconciliation-fr"],"yoast_head":"<!-- This site is optimized with the Yoast SEO Premium plugin v24.2 (Yoast SEO v24.2) - https:\/\/yoast.com\/wordpress\/plugins\/seo\/ -->\n<title>Comprendre Nos \u00c9preuves Et Victoires - Destination Indigenous<\/title>\n<meta name=\"description\" content=\"Aujourd&#039;hui, les peuples autochtones au Canada partagent fi\u00e8rement des histoires de leur pass\u00e9, de leur pr\u00e9sent et de leur avenir avec des visiteurs de partout. Mais notre parcours n&#039;a pas \u00e9t\u00e9 sans souffrances ni \u00e9preuves.\" \/>\n<meta name=\"robots\" content=\"index, follow, max-snippet:-1, max-image-preview:large, max-video-preview:-1\" \/>\n<link rel=\"canonical\" href=\"https:\/\/destinationindigenous.ca\/fr\/reconciliation\/comprendre-nos-epreuves-et-victoires\/\" \/>\n<meta property=\"og:locale\" content=\"fr_FR\" \/>\n<meta property=\"og:type\" content=\"article\" \/>\n<meta property=\"og:title\" content=\"Comprendre Nos \u00c9preuves Et Victoires\" \/>\n<meta property=\"og:description\" content=\"Aujourd&#039;hui, les peuples autochtones au Canada partagent fi\u00e8rement des histoires de leur pass\u00e9, de leur pr\u00e9sent et de leur avenir avec des visiteurs de partout. Mais notre parcours n&#039;a pas \u00e9t\u00e9 sans souffrances ni \u00e9preuves.\" \/>\n<meta property=\"og:url\" content=\"https:\/\/destinationindigenous.ca\/fr\/reconciliation\/comprendre-nos-epreuves-et-victoires\/\" \/>\n<meta property=\"og:site_name\" content=\"DI - Planificateur de s\u00e9jour\" \/>\n<meta property=\"article:modified_time\" content=\"2022-03-28T18:17:44+00:00\" \/>\n<meta property=\"og:image\" content=\"https:\/\/destinationindigenous.ca\/wp-content\/uploads\/2022\/03\/education-header.jpg\" \/>\n\t<meta property=\"og:image:width\" content=\"1440\" \/>\n\t<meta property=\"og:image:height\" content=\"961\" \/>\n\t<meta property=\"og:image:type\" content=\"image\/jpeg\" \/>\n<meta name=\"twitter:card\" content=\"summary_large_image\" \/>\n<script type=\"application\/ld+json\" class=\"yoast-schema-graph\">{\"@context\":\"https:\/\/schema.org\",\"@graph\":[{\"@type\":\"WebPage\",\"@id\":\"https:\/\/destinationindigenous.ca\/fr\/reconciliation\/comprendre-nos-epreuves-et-victoires\/\",\"url\":\"https:\/\/destinationindigenous.ca\/fr\/reconciliation\/comprendre-nos-epreuves-et-victoires\/\",\"name\":\"Comprendre Nos \u00c9preuves Et Victoires - Destination Indigenous\",\"isPartOf\":{\"@id\":\"https:\/\/destinationindigenous.ca\/fr\/#website\"},\"primaryImageOfPage\":{\"@id\":\"https:\/\/destinationindigenous.ca\/fr\/reconciliation\/comprendre-nos-epreuves-et-victoires\/#primaryimage\"},\"image\":{\"@id\":\"https:\/\/destinationindigenous.ca\/fr\/reconciliation\/comprendre-nos-epreuves-et-victoires\/#primaryimage\"},\"thumbnailUrl\":\"https:\/\/destinationindigenous.ca\/wp-content\/uploads\/2022\/03\/education-header.jpg\",\"datePublished\":\"2022-03-28T18:01:53+00:00\",\"dateModified\":\"2022-03-28T18:17:44+00:00\",\"description\":\"Aujourd'hui, les peuples autochtones au Canada partagent fi\u00e8rement des histoires de leur pass\u00e9, de leur pr\u00e9sent et de leur avenir avec des visiteurs de partout. Mais notre parcours n'a pas \u00e9t\u00e9 sans souffrances ni \u00e9preuves.\",\"breadcrumb\":{\"@id\":\"https:\/\/destinationindigenous.ca\/fr\/reconciliation\/comprendre-nos-epreuves-et-victoires\/#breadcrumb\"},\"inLanguage\":\"fr-FR\",\"potentialAction\":[{\"@type\":\"ReadAction\",\"target\":[\"https:\/\/destinationindigenous.ca\/fr\/reconciliation\/comprendre-nos-epreuves-et-victoires\/\"]}]},{\"@type\":\"ImageObject\",\"inLanguage\":\"fr-FR\",\"@id\":\"https:\/\/destinationindigenous.ca\/fr\/reconciliation\/comprendre-nos-epreuves-et-victoires\/#primaryimage\",\"url\":\"https:\/\/destinationindigenous.ca\/wp-content\/uploads\/2022\/03\/education-header.jpg\",\"contentUrl\":\"https:\/\/destinationindigenous.ca\/wp-content\/uploads\/2022\/03\/education-header.jpg\",\"width\":1440,\"height\":961},{\"@type\":\"BreadcrumbList\",\"@id\":\"https:\/\/destinationindigenous.ca\/fr\/reconciliation\/comprendre-nos-epreuves-et-victoires\/#breadcrumb\",\"itemListElement\":[{\"@type\":\"ListItem\",\"position\":1,\"name\":\"Home\",\"item\":\"https:\/\/destinationindigenous.ca\/fr\/\"},{\"@type\":\"ListItem\",\"position\":2,\"name\":\"Reconciliation\",\"item\":\"https:\/\/destinationindigenous.ca\/fr\/reconciliation\/\"},{\"@type\":\"ListItem\",\"position\":3,\"name\":\"Comprendre Nos \u00c9preuves Et Victoires\"}]},{\"@type\":\"WebSite\",\"@id\":\"https:\/\/destinationindigenous.ca\/fr\/#website\",\"url\":\"https:\/\/destinationindigenous.ca\/fr\/\",\"name\":\"DI - Planificateur de s\u00e9jour\",\"description\":\"Indigenous travel experiences from across Canada\",\"publisher\":{\"@id\":\"https:\/\/destinationindigenous.ca\/fr\/#organization\"},\"potentialAction\":[{\"@type\":\"SearchAction\",\"target\":{\"@type\":\"EntryPoint\",\"urlTemplate\":\"https:\/\/destinationindigenous.ca\/fr\/?s={search_term_string}\"},\"query-input\":{\"@type\":\"PropertyValueSpecification\",\"valueRequired\":true,\"valueName\":\"search_term_string\"}}],\"inLanguage\":\"fr-FR\"},{\"@type\":\"Organization\",\"@id\":\"https:\/\/destinationindigenous.ca\/fr\/#organization\",\"name\":\"Destination Indigenous\",\"url\":\"https:\/\/destinationindigenous.ca\/fr\/\",\"logo\":{\"@type\":\"ImageObject\",\"inLanguage\":\"fr-FR\",\"@id\":\"https:\/\/destinationindigenous.ca\/fr\/#\/schema\/logo\/image\/\",\"url\":\"https:\/\/destinationindigenous.ca\/wp-content\/uploads\/2022\/08\/di-logo-navbar@2x.png\",\"contentUrl\":\"https:\/\/destinationindigenous.ca\/wp-content\/uploads\/2022\/08\/di-logo-navbar@2x.png\",\"width\":960,\"height\":61,\"caption\":\"Destination Indigenous\"},\"image\":{\"@id\":\"https:\/\/destinationindigenous.ca\/fr\/#\/schema\/logo\/image\/\"}}]}<\/script>\n<!-- \/ Yoast SEO Premium plugin. -->","yoast_head_json":{"title":"Comprendre Nos \u00c9preuves Et Victoires - Destination Indigenous","description":"Aujourd'hui, les peuples autochtones au Canada partagent fi\u00e8rement des histoires de leur pass\u00e9, de leur pr\u00e9sent et de leur avenir avec des visiteurs de partout. Mais notre parcours n'a pas \u00e9t\u00e9 sans souffrances ni \u00e9preuves.","robots":{"index":"index","follow":"follow","max-snippet":"max-snippet:-1","max-image-preview":"max-image-preview:large","max-video-preview":"max-video-preview:-1"},"canonical":"https:\/\/destinationindigenous.ca\/fr\/reconciliation\/comprendre-nos-epreuves-et-victoires\/","og_locale":"fr_FR","og_type":"article","og_title":"Comprendre Nos \u00c9preuves Et Victoires","og_description":"Aujourd'hui, les peuples autochtones au Canada partagent fi\u00e8rement des histoires de leur pass\u00e9, de leur pr\u00e9sent et de leur avenir avec des visiteurs de partout. Mais notre parcours n'a pas \u00e9t\u00e9 sans souffrances ni \u00e9preuves.","og_url":"https:\/\/destinationindigenous.ca\/fr\/reconciliation\/comprendre-nos-epreuves-et-victoires\/","og_site_name":"DI - Planificateur de s\u00e9jour","article_modified_time":"2022-03-28T18:17:44+00:00","og_image":[{"width":1440,"height":961,"url":"https:\/\/destinationindigenous.ca\/wp-content\/uploads\/2022\/03\/education-header.jpg","type":"image\/jpeg"}],"twitter_card":"summary_large_image","schema":{"@context":"https:\/\/schema.org","@graph":[{"@type":"WebPage","@id":"https:\/\/destinationindigenous.ca\/fr\/reconciliation\/comprendre-nos-epreuves-et-victoires\/","url":"https:\/\/destinationindigenous.ca\/fr\/reconciliation\/comprendre-nos-epreuves-et-victoires\/","name":"Comprendre Nos \u00c9preuves Et Victoires - Destination Indigenous","isPartOf":{"@id":"https:\/\/destinationindigenous.ca\/fr\/#website"},"primaryImageOfPage":{"@id":"https:\/\/destinationindigenous.ca\/fr\/reconciliation\/comprendre-nos-epreuves-et-victoires\/#primaryimage"},"image":{"@id":"https:\/\/destinationindigenous.ca\/fr\/reconciliation\/comprendre-nos-epreuves-et-victoires\/#primaryimage"},"thumbnailUrl":"https:\/\/destinationindigenous.ca\/wp-content\/uploads\/2022\/03\/education-header.jpg","datePublished":"2022-03-28T18:01:53+00:00","dateModified":"2022-03-28T18:17:44+00:00","description":"Aujourd'hui, les peuples autochtones au Canada partagent fi\u00e8rement des histoires de leur pass\u00e9, de leur pr\u00e9sent et de leur avenir avec des visiteurs de partout. Mais notre parcours n'a pas \u00e9t\u00e9 sans souffrances ni \u00e9preuves.","breadcrumb":{"@id":"https:\/\/destinationindigenous.ca\/fr\/reconciliation\/comprendre-nos-epreuves-et-victoires\/#breadcrumb"},"inLanguage":"fr-FR","potentialAction":[{"@type":"ReadAction","target":["https:\/\/destinationindigenous.ca\/fr\/reconciliation\/comprendre-nos-epreuves-et-victoires\/"]}]},{"@type":"ImageObject","inLanguage":"fr-FR","@id":"https:\/\/destinationindigenous.ca\/fr\/reconciliation\/comprendre-nos-epreuves-et-victoires\/#primaryimage","url":"https:\/\/destinationindigenous.ca\/wp-content\/uploads\/2022\/03\/education-header.jpg","contentUrl":"https:\/\/destinationindigenous.ca\/wp-content\/uploads\/2022\/03\/education-header.jpg","width":1440,"height":961},{"@type":"BreadcrumbList","@id":"https:\/\/destinationindigenous.ca\/fr\/reconciliation\/comprendre-nos-epreuves-et-victoires\/#breadcrumb","itemListElement":[{"@type":"ListItem","position":1,"name":"Home","item":"https:\/\/destinationindigenous.ca\/fr\/"},{"@type":"ListItem","position":2,"name":"Reconciliation","item":"https:\/\/destinationindigenous.ca\/fr\/reconciliation\/"},{"@type":"ListItem","position":3,"name":"Comprendre Nos \u00c9preuves Et Victoires"}]},{"@type":"WebSite","@id":"https:\/\/destinationindigenous.ca\/fr\/#website","url":"https:\/\/destinationindigenous.ca\/fr\/","name":"DI - Planificateur de s\u00e9jour","description":"Indigenous travel experiences from across Canada","publisher":{"@id":"https:\/\/destinationindigenous.ca\/fr\/#organization"},"potentialAction":[{"@type":"SearchAction","target":{"@type":"EntryPoint","urlTemplate":"https:\/\/destinationindigenous.ca\/fr\/?s={search_term_string}"},"query-input":{"@type":"PropertyValueSpecification","valueRequired":true,"valueName":"search_term_string"}}],"inLanguage":"fr-FR"},{"@type":"Organization","@id":"https:\/\/destinationindigenous.ca\/fr\/#organization","name":"Destination Indigenous","url":"https:\/\/destinationindigenous.ca\/fr\/","logo":{"@type":"ImageObject","inLanguage":"fr-FR","@id":"https:\/\/destinationindigenous.ca\/fr\/#\/schema\/logo\/image\/","url":"https:\/\/destinationindigenous.ca\/wp-content\/uploads\/2022\/08\/di-logo-navbar@2x.png","contentUrl":"https:\/\/destinationindigenous.ca\/wp-content\/uploads\/2022\/08\/di-logo-navbar@2x.png","width":960,"height":61,"caption":"Destination Indigenous"},"image":{"@id":"https:\/\/destinationindigenous.ca\/fr\/#\/schema\/logo\/image\/"}}]}},"_links":{"self":[{"href":"https:\/\/destinationindigenous.ca\/fr\/wp-json\/wp\/v2\/pages\/117706","targetHints":{"allow":["GET"]}}],"collection":[{"href":"https:\/\/destinationindigenous.ca\/fr\/wp-json\/wp\/v2\/pages"}],"about":[{"href":"https:\/\/destinationindigenous.ca\/fr\/wp-json\/wp\/v2\/types\/page"}],"author":[{"embeddable":true,"href":"https:\/\/destinationindigenous.ca\/fr\/wp-json\/wp\/v2\/users\/42"}],"replies":[{"embeddable":true,"href":"https:\/\/destinationindigenous.ca\/fr\/wp-json\/wp\/v2\/comments?post=117706"}],"version-history":[{"count":0,"href":"https:\/\/destinationindigenous.ca\/fr\/wp-json\/wp\/v2\/pages\/117706\/revisions"}],"up":[{"embeddable":true,"href":"https:\/\/destinationindigenous.ca\/fr\/wp-json\/wp\/v2\/pages\/117697"}],"wp:featuredmedia":[{"embeddable":true,"href":"https:\/\/destinationindigenous.ca\/fr\/wp-json\/wp\/v2\/media\/117707"}],"wp:attachment":[{"href":"https:\/\/destinationindigenous.ca\/fr\/wp-json\/wp\/v2\/media?parent=117706"}],"wp:term":[{"taxonomy":"category","embeddable":true,"href":"https:\/\/destinationindigenous.ca\/fr\/wp-json\/wp\/v2\/categories?post=117706"},{"taxonomy":"post_tag","embeddable":true,"href":"https:\/\/destinationindigenous.ca\/fr\/wp-json\/wp\/v2\/tags?post=117706"}],"curies":[{"name":"wp","href":"https:\/\/api.w.org\/{rel}","templated":true}]}}