{"id":15262,"date":"2020-12-10T11:51:39","date_gmt":"2020-12-10T19:51:39","guid":{"rendered":"https:\/\/destinationindigenous.ca\/?page_id=15262"},"modified":"2023-09-01T16:18:52","modified_gmt":"2023-09-01T23:18:52","slug":"cuisine-autochtone","status":"publish","type":"page","link":"https:\/\/destinationindigenous.ca\/fr\/cuisine-autochtone\/","title":{"rendered":"Cuisine Autochtone"},"content":{"rendered":"<p>La cuisine autochtone est en train de r\u00e9volutionner la sc\u00e8ne culinaire au Canada. Des ingr\u00e9dients locaux, des saveurs traditionnelles revisit\u00e9es avec cr\u00e9ativit\u00e9 et des recettes fusion, cette cuisine a tout pour plaire aux papilles. Les plats servis par les restos autochtones sont intimement li\u00e9s au terroir et aux communaut\u00e9s, nourrissant l\u2019estomac, l\u2019\u00e2me et la Renaissance Autochtone ! Bon app\u00e9tit !<\/p>\n","protected":false},"excerpt":{"rendered":"<p>La cuisine autochtone est en train de r\u00e9volutionner la sc\u00e8ne culinaire au Canada. Des ingr\u00e9dients locaux, des saveurs traditionnelles revisit\u00e9es [&hellip;]<\/p>\n","protected":false},"author":41,"featured_media":15265,"parent":0,"menu_order":0,"comment_status":"closed","ping_status":"closed","template":"page-main.php","meta":{"footnotes":""},"categories":[],"tags":[],"class_list":["post-15262","page","type-page","status-publish","has-post-thumbnail","hentry","listing_sub_type-gastronomie"],"yoast_head":"<!-- This site is optimized with the Yoast SEO Premium plugin v24.2 (Yoast SEO v24.2) - https:\/\/yoast.com\/wordpress\/plugins\/seo\/ -->\n<title>Cuisine Autochtone - DI - Planificateur de s\u00e9jour<\/title>\n<meta name=\"description\" content=\"Les plats servis par les restos autochtones sont intimement li\u00e9s au terroir et aux communaut\u00e9s, nourrissant l\u2019estomac, l\u2019\u00e2me et la Renaissance Autochtone !\" \/>\n<meta name=\"robots\" content=\"index, follow, max-snippet:-1, max-image-preview:large, max-video-preview:-1\" \/>\n<link rel=\"canonical\" href=\"https:\/\/destinationindigenous.ca\/fr\/cuisine-autochtone\/\" \/>\n<meta property=\"og:locale\" content=\"fr_FR\" \/>\n<meta property=\"og:type\" content=\"article\" \/>\n<meta property=\"og:title\" content=\"Cuisine Autochtone\" \/>\n<meta property=\"og:description\" content=\"Les plats servis par les restos autochtones sont intimement li\u00e9s au terroir et aux communaut\u00e9s, nourrissant l\u2019estomac, l\u2019\u00e2me et la Renaissance Autochtone !\" \/>\n<meta property=\"og:url\" content=\"https:\/\/destinationindigenous.ca\/fr\/cuisine-autochtone\/\" \/>\n<meta property=\"og:site_name\" content=\"DI - Planificateur de s\u00e9jour\" \/>\n<meta property=\"article:modified_time\" content=\"2023-09-01T23:18:52+00:00\" \/>\n<meta property=\"og:image\" content=\"https:\/\/destinationindigenous.ca\/wp-content\/uploads\/2020\/12\/DSC_1013-1.jpg\" \/>\n\t<meta property=\"og:image:width\" content=\"2500\" \/>\n\t<meta property=\"og:image:height\" content=\"1669\" \/>\n\t<meta property=\"og:image:type\" content=\"image\/jpeg\" \/>\n<meta name=\"twitter:card\" content=\"summary_large_image\" \/>\n<meta name=\"twitter:label1\" content=\"Dur\u00e9e de lecture estim\u00e9e\" \/>\n\t<meta name=\"twitter:data1\" content=\"1 minute\" \/>\n<script type=\"application\/ld+json\" class=\"yoast-schema-graph\">{\"@context\":\"https:\/\/schema.org\",\"@graph\":[{\"@type\":\"WebPage\",\"@id\":\"https:\/\/destinationindigenous.ca\/fr\/cuisine-autochtone\/\",\"url\":\"https:\/\/destinationindigenous.ca\/fr\/cuisine-autochtone\/\",\"name\":\"Cuisine Autochtone - DI - Planificateur de s\u00e9jour\",\"isPartOf\":{\"@id\":\"https:\/\/destinationindigenous.ca\/fr\/#website\"},\"primaryImageOfPage\":{\"@id\":\"https:\/\/destinationindigenous.ca\/fr\/cuisine-autochtone\/#primaryimage\"},\"image\":{\"@id\":\"https:\/\/destinationindigenous.ca\/fr\/cuisine-autochtone\/#primaryimage\"},\"thumbnailUrl\":\"https:\/\/destinationindigenous.ca\/wp-content\/uploads\/2020\/12\/DSC_1013-1.jpg\",\"datePublished\":\"2020-12-10T19:51:39+00:00\",\"dateModified\":\"2023-09-01T23:18:52+00:00\",\"description\":\"Les plats servis par les restos autochtones sont intimement li\u00e9s au terroir et aux communaut\u00e9s, nourrissant l\u2019estomac, l\u2019\u00e2me et la Renaissance Autochtone !\",\"breadcrumb\":{\"@id\":\"https:\/\/destinationindigenous.ca\/fr\/cuisine-autochtone\/#breadcrumb\"},\"inLanguage\":\"fr-FR\",\"potentialAction\":[{\"@type\":\"ReadAction\",\"target\":[\"https:\/\/destinationindigenous.ca\/fr\/cuisine-autochtone\/\"]}]},{\"@type\":\"ImageObject\",\"inLanguage\":\"fr-FR\",\"@id\":\"https:\/\/destinationindigenous.ca\/fr\/cuisine-autochtone\/#primaryimage\",\"url\":\"https:\/\/destinationindigenous.ca\/wp-content\/uploads\/2020\/12\/DSC_1013-1.jpg\",\"contentUrl\":\"https:\/\/destinationindigenous.ca\/wp-content\/uploads\/2020\/12\/DSC_1013-1.jpg\",\"width\":2500,\"height\":1669},{\"@type\":\"BreadcrumbList\",\"@id\":\"https:\/\/destinationindigenous.ca\/fr\/cuisine-autochtone\/#breadcrumb\",\"itemListElement\":[{\"@type\":\"ListItem\",\"position\":1,\"name\":\"Home\",\"item\":\"https:\/\/destinationindigenous.ca\/fr\/\"},{\"@type\":\"ListItem\",\"position\":2,\"name\":\"Cuisine Autochtone\"}]},{\"@type\":\"WebSite\",\"@id\":\"https:\/\/destinationindigenous.ca\/fr\/#website\",\"url\":\"https:\/\/destinationindigenous.ca\/fr\/\",\"name\":\"DI - Planificateur de s\u00e9jour\",\"description\":\"Indigenous travel experiences from across Canada\",\"publisher\":{\"@id\":\"https:\/\/destinationindigenous.ca\/fr\/#organization\"},\"potentialAction\":[{\"@type\":\"SearchAction\",\"target\":{\"@type\":\"EntryPoint\",\"urlTemplate\":\"https:\/\/destinationindigenous.ca\/fr\/?s={search_term_string}\"},\"query-input\":{\"@type\":\"PropertyValueSpecification\",\"valueRequired\":true,\"valueName\":\"search_term_string\"}}],\"inLanguage\":\"fr-FR\"},{\"@type\":\"Organization\",\"@id\":\"https:\/\/destinationindigenous.ca\/fr\/#organization\",\"name\":\"Destination Indigenous\",\"url\":\"https:\/\/destinationindigenous.ca\/fr\/\",\"logo\":{\"@type\":\"ImageObject\",\"inLanguage\":\"fr-FR\",\"@id\":\"https:\/\/destinationindigenous.ca\/fr\/#\/schema\/logo\/image\/\",\"url\":\"https:\/\/destinationindigenous.ca\/wp-content\/uploads\/2022\/08\/di-logo-navbar@2x.png\",\"contentUrl\":\"https:\/\/destinationindigenous.ca\/wp-content\/uploads\/2022\/08\/di-logo-navbar@2x.png\",\"width\":960,\"height\":61,\"caption\":\"Destination Indigenous\"},\"image\":{\"@id\":\"https:\/\/destinationindigenous.ca\/fr\/#\/schema\/logo\/image\/\"}}]}<\/script>\n<!-- \/ Yoast SEO Premium plugin. -->","yoast_head_json":{"title":"Cuisine Autochtone - DI - Planificateur de s\u00e9jour","description":"Les plats servis par les restos autochtones sont intimement li\u00e9s au terroir et aux communaut\u00e9s, nourrissant l\u2019estomac, l\u2019\u00e2me et la Renaissance Autochtone !","robots":{"index":"index","follow":"follow","max-snippet":"max-snippet:-1","max-image-preview":"max-image-preview:large","max-video-preview":"max-video-preview:-1"},"canonical":"https:\/\/destinationindigenous.ca\/fr\/cuisine-autochtone\/","og_locale":"fr_FR","og_type":"article","og_title":"Cuisine Autochtone","og_description":"Les plats servis par les restos autochtones sont intimement li\u00e9s au terroir et aux communaut\u00e9s, nourrissant l\u2019estomac, l\u2019\u00e2me et la Renaissance Autochtone !","og_url":"https:\/\/destinationindigenous.ca\/fr\/cuisine-autochtone\/","og_site_name":"DI - Planificateur de s\u00e9jour","article_modified_time":"2023-09-01T23:18:52+00:00","og_image":[{"width":2500,"height":1669,"url":"https:\/\/destinationindigenous.ca\/wp-content\/uploads\/2020\/12\/DSC_1013-1.jpg","type":"image\/jpeg"}],"twitter_card":"summary_large_image","twitter_misc":{"Dur\u00e9e de lecture estim\u00e9e":"1 minute"},"schema":{"@context":"https:\/\/schema.org","@graph":[{"@type":"WebPage","@id":"https:\/\/destinationindigenous.ca\/fr\/cuisine-autochtone\/","url":"https:\/\/destinationindigenous.ca\/fr\/cuisine-autochtone\/","name":"Cuisine Autochtone - DI - Planificateur de s\u00e9jour","isPartOf":{"@id":"https:\/\/destinationindigenous.ca\/fr\/#website"},"primaryImageOfPage":{"@id":"https:\/\/destinationindigenous.ca\/fr\/cuisine-autochtone\/#primaryimage"},"image":{"@id":"https:\/\/destinationindigenous.ca\/fr\/cuisine-autochtone\/#primaryimage"},"thumbnailUrl":"https:\/\/destinationindigenous.ca\/wp-content\/uploads\/2020\/12\/DSC_1013-1.jpg","datePublished":"2020-12-10T19:51:39+00:00","dateModified":"2023-09-01T23:18:52+00:00","description":"Les plats servis par les restos autochtones sont intimement li\u00e9s au terroir et aux communaut\u00e9s, nourrissant l\u2019estomac, l\u2019\u00e2me et la Renaissance Autochtone !","breadcrumb":{"@id":"https:\/\/destinationindigenous.ca\/fr\/cuisine-autochtone\/#breadcrumb"},"inLanguage":"fr-FR","potentialAction":[{"@type":"ReadAction","target":["https:\/\/destinationindigenous.ca\/fr\/cuisine-autochtone\/"]}]},{"@type":"ImageObject","inLanguage":"fr-FR","@id":"https:\/\/destinationindigenous.ca\/fr\/cuisine-autochtone\/#primaryimage","url":"https:\/\/destinationindigenous.ca\/wp-content\/uploads\/2020\/12\/DSC_1013-1.jpg","contentUrl":"https:\/\/destinationindigenous.ca\/wp-content\/uploads\/2020\/12\/DSC_1013-1.jpg","width":2500,"height":1669},{"@type":"BreadcrumbList","@id":"https:\/\/destinationindigenous.ca\/fr\/cuisine-autochtone\/#breadcrumb","itemListElement":[{"@type":"ListItem","position":1,"name":"Home","item":"https:\/\/destinationindigenous.ca\/fr\/"},{"@type":"ListItem","position":2,"name":"Cuisine Autochtone"}]},{"@type":"WebSite","@id":"https:\/\/destinationindigenous.ca\/fr\/#website","url":"https:\/\/destinationindigenous.ca\/fr\/","name":"DI - Planificateur de s\u00e9jour","description":"Indigenous travel experiences from across Canada","publisher":{"@id":"https:\/\/destinationindigenous.ca\/fr\/#organization"},"potentialAction":[{"@type":"SearchAction","target":{"@type":"EntryPoint","urlTemplate":"https:\/\/destinationindigenous.ca\/fr\/?s={search_term_string}"},"query-input":{"@type":"PropertyValueSpecification","valueRequired":true,"valueName":"search_term_string"}}],"inLanguage":"fr-FR"},{"@type":"Organization","@id":"https:\/\/destinationindigenous.ca\/fr\/#organization","name":"Destination Indigenous","url":"https:\/\/destinationindigenous.ca\/fr\/","logo":{"@type":"ImageObject","inLanguage":"fr-FR","@id":"https:\/\/destinationindigenous.ca\/fr\/#\/schema\/logo\/image\/","url":"https:\/\/destinationindigenous.ca\/wp-content\/uploads\/2022\/08\/di-logo-navbar@2x.png","contentUrl":"https:\/\/destinationindigenous.ca\/wp-content\/uploads\/2022\/08\/di-logo-navbar@2x.png","width":960,"height":61,"caption":"Destination Indigenous"},"image":{"@id":"https:\/\/destinationindigenous.ca\/fr\/#\/schema\/logo\/image\/"}}]}},"_links":{"self":[{"href":"https:\/\/destinationindigenous.ca\/fr\/wp-json\/wp\/v2\/pages\/15262","targetHints":{"allow":["GET"]}}],"collection":[{"href":"https:\/\/destinationindigenous.ca\/fr\/wp-json\/wp\/v2\/pages"}],"about":[{"href":"https:\/\/destinationindigenous.ca\/fr\/wp-json\/wp\/v2\/types\/page"}],"author":[{"embeddable":true,"href":"https:\/\/destinationindigenous.ca\/fr\/wp-json\/wp\/v2\/users\/41"}],"replies":[{"embeddable":true,"href":"https:\/\/destinationindigenous.ca\/fr\/wp-json\/wp\/v2\/comments?post=15262"}],"version-history":[{"count":0,"href":"https:\/\/destinationindigenous.ca\/fr\/wp-json\/wp\/v2\/pages\/15262\/revisions"}],"wp:featuredmedia":[{"embeddable":true,"href":"https:\/\/destinationindigenous.ca\/fr\/wp-json\/wp\/v2\/media\/15265"}],"wp:attachment":[{"href":"https:\/\/destinationindigenous.ca\/fr\/wp-json\/wp\/v2\/media?parent=15262"}],"wp:term":[{"taxonomy":"category","embeddable":true,"href":"https:\/\/destinationindigenous.ca\/fr\/wp-json\/wp\/v2\/categories?post=15262"},{"taxonomy":"post_tag","embeddable":true,"href":"https:\/\/destinationindigenous.ca\/fr\/wp-json\/wp\/v2\/tags?post=15262"}],"curies":[{"name":"wp","href":"https:\/\/api.w.org\/{rel}","templated":true}]}}