{"id":15306,"date":"2020-12-10T12:24:04","date_gmt":"2020-12-10T20:24:04","guid":{"rendered":"https:\/\/destinationindigenous.ca\/?page_id=15306"},"modified":"2020-12-10T12:24:04","modified_gmt":"2020-12-10T20:24:04","slug":"creativite-autochtone","status":"publish","type":"page","link":"https:\/\/destinationindigenous.ca\/fr\/arts-artisanat-cadeaux\/creativite-autochtone\/","title":{"rendered":"La culture \u00e0 travers la cr\u00e9ativit\u00e9 et l\u2019artisanat"},"content":{"rendered":"<p>L\u2019art et l\u2019artisanat des Autochtones puisent leurs racines dans des traditions et des savoirs ancestraux. Quand vous optez pour des items authentiquement autochtones, vous contribuez \u00e0 la Renaissance autochtone et au bien-\u00eatre de nos communaut\u00e9s.<\/p>\n","protected":false},"excerpt":{"rendered":"<p>L\u2019art et l\u2019artisanat des Autochtones puisent leurs racines dans des traditions et des savoirs ancestraux. Quand vous optez pour des items authentiquement autochtones, vous contribuez \u00e0 la Renaissance autochtone et au bien-\u00eatre de nos communaut\u00e9s.<\/p>\n","protected":false},"author":41,"featured_media":15307,"parent":15294,"menu_order":0,"comment_status":"closed","ping_status":"closed","template":"","meta":{"footnotes":""},"categories":[879],"tags":[],"class_list":["post-15306","page","type-page","status-publish","has-post-thumbnail","hentry","category-education-page-fr","listing_sub_type-arts-artisanats-boutiques-souvenirs"],"yoast_head":"<!-- This site is optimized with the Yoast SEO Premium plugin v24.2 (Yoast SEO v24.2) - https:\/\/yoast.com\/wordpress\/plugins\/seo\/ -->\n<title>La culture \u00e0 travers la cr\u00e9ativit\u00e9 et l\u2019artisanat - Destination Autochtones<\/title>\n<meta name=\"description\" content=\"Quand vous optez pour des items authentiquement autochtones, vous contribuez \u00e0 la Renaissance autochtone et au bien-\u00eatre de nos communaut\u00e9s.\" \/>\n<meta name=\"robots\" content=\"index, follow, max-snippet:-1, max-image-preview:large, max-video-preview:-1\" \/>\n<link rel=\"canonical\" href=\"https:\/\/destinationindigenous.ca\/fr\/arts-artisanat-cadeaux\/creativite-autochtone\/\" \/>\n<meta property=\"og:locale\" content=\"fr_FR\" \/>\n<meta property=\"og:type\" content=\"article\" \/>\n<meta property=\"og:title\" content=\"La culture \u00e0 travers la cr\u00e9ativit\u00e9 et l\u2019artisanat\" \/>\n<meta property=\"og:description\" content=\"Quand vous optez pour des items authentiquement autochtones, vous contribuez \u00e0 la Renaissance autochtone et au bien-\u00eatre de nos communaut\u00e9s.\" \/>\n<meta property=\"og:url\" content=\"https:\/\/destinationindigenous.ca\/fr\/arts-artisanat-cadeaux\/creativite-autochtone\/\" \/>\n<meta property=\"og:site_name\" content=\"DI - Planificateur de s\u00e9jour\" \/>\n<meta property=\"og:image\" content=\"https:\/\/destinationindigenous.ca\/wp-content\/uploads\/2020\/12\/Lennox-Island-feature-2.jpg\" \/>\n\t<meta property=\"og:image:width\" content=\"2560\" \/>\n\t<meta property=\"og:image:height\" content=\"1709\" \/>\n\t<meta property=\"og:image:type\" content=\"image\/jpeg\" \/>\n<meta name=\"twitter:card\" content=\"summary_large_image\" \/>\n<script type=\"application\/ld+json\" class=\"yoast-schema-graph\">{\"@context\":\"https:\/\/schema.org\",\"@graph\":[{\"@type\":\"WebPage\",\"@id\":\"https:\/\/destinationindigenous.ca\/fr\/arts-artisanat-cadeaux\/creativite-autochtone\/\",\"url\":\"https:\/\/destinationindigenous.ca\/fr\/arts-artisanat-cadeaux\/creativite-autochtone\/\",\"name\":\"La culture \u00e0 travers la cr\u00e9ativit\u00e9 et l\u2019artisanat - Destination Autochtones\",\"isPartOf\":{\"@id\":\"https:\/\/destinationindigenous.ca\/fr\/#website\"},\"primaryImageOfPage\":{\"@id\":\"https:\/\/destinationindigenous.ca\/fr\/arts-artisanat-cadeaux\/creativite-autochtone\/#primaryimage\"},\"image\":{\"@id\":\"https:\/\/destinationindigenous.ca\/fr\/arts-artisanat-cadeaux\/creativite-autochtone\/#primaryimage\"},\"thumbnailUrl\":\"https:\/\/destinationindigenous.ca\/wp-content\/uploads\/2020\/12\/Lennox-Island-feature-2.jpg\",\"datePublished\":\"2020-12-10T20:24:04+00:00\",\"dateModified\":\"2020-12-10T20:24:04+00:00\",\"description\":\"Quand vous optez pour des items authentiquement autochtones, vous contribuez \u00e0 la Renaissance autochtone et au bien-\u00eatre de nos communaut\u00e9s.\",\"breadcrumb\":{\"@id\":\"https:\/\/destinationindigenous.ca\/fr\/arts-artisanat-cadeaux\/creativite-autochtone\/#breadcrumb\"},\"inLanguage\":\"fr-FR\",\"potentialAction\":[{\"@type\":\"ReadAction\",\"target\":[\"https:\/\/destinationindigenous.ca\/fr\/arts-artisanat-cadeaux\/creativite-autochtone\/\"]}]},{\"@type\":\"ImageObject\",\"inLanguage\":\"fr-FR\",\"@id\":\"https:\/\/destinationindigenous.ca\/fr\/arts-artisanat-cadeaux\/creativite-autochtone\/#primaryimage\",\"url\":\"https:\/\/destinationindigenous.ca\/wp-content\/uploads\/2020\/12\/Lennox-Island-feature-2.jpg\",\"contentUrl\":\"https:\/\/destinationindigenous.ca\/wp-content\/uploads\/2020\/12\/Lennox-Island-feature-2.jpg\",\"width\":2560,\"height\":1709},{\"@type\":\"BreadcrumbList\",\"@id\":\"https:\/\/destinationindigenous.ca\/fr\/arts-artisanat-cadeaux\/creativite-autochtone\/#breadcrumb\",\"itemListElement\":[{\"@type\":\"ListItem\",\"position\":1,\"name\":\"Home\",\"item\":\"https:\/\/destinationindigenous.ca\/fr\/\"},{\"@type\":\"ListItem\",\"position\":2,\"name\":\"Arts, Artisanat, Et Cadeaux\",\"item\":\"https:\/\/destinationindigenous.ca\/fr\/arts-artisanat-cadeaux\/\"},{\"@type\":\"ListItem\",\"position\":3,\"name\":\"La culture \u00e0 travers la cr\u00e9ativit\u00e9 et l\u2019artisanat\"}]},{\"@type\":\"WebSite\",\"@id\":\"https:\/\/destinationindigenous.ca\/fr\/#website\",\"url\":\"https:\/\/destinationindigenous.ca\/fr\/\",\"name\":\"DI - Planificateur de s\u00e9jour\",\"description\":\"Indigenous travel experiences from across Canada\",\"publisher\":{\"@id\":\"https:\/\/destinationindigenous.ca\/fr\/#organization\"},\"potentialAction\":[{\"@type\":\"SearchAction\",\"target\":{\"@type\":\"EntryPoint\",\"urlTemplate\":\"https:\/\/destinationindigenous.ca\/fr\/?s={search_term_string}\"},\"query-input\":{\"@type\":\"PropertyValueSpecification\",\"valueRequired\":true,\"valueName\":\"search_term_string\"}}],\"inLanguage\":\"fr-FR\"},{\"@type\":\"Organization\",\"@id\":\"https:\/\/destinationindigenous.ca\/fr\/#organization\",\"name\":\"Destination Indigenous\",\"url\":\"https:\/\/destinationindigenous.ca\/fr\/\",\"logo\":{\"@type\":\"ImageObject\",\"inLanguage\":\"fr-FR\",\"@id\":\"https:\/\/destinationindigenous.ca\/fr\/#\/schema\/logo\/image\/\",\"url\":\"https:\/\/destinationindigenous.ca\/wp-content\/uploads\/2022\/08\/di-logo-navbar@2x.png\",\"contentUrl\":\"https:\/\/destinationindigenous.ca\/wp-content\/uploads\/2022\/08\/di-logo-navbar@2x.png\",\"width\":960,\"height\":61,\"caption\":\"Destination Indigenous\"},\"image\":{\"@id\":\"https:\/\/destinationindigenous.ca\/fr\/#\/schema\/logo\/image\/\"}}]}<\/script>\n<!-- \/ Yoast SEO Premium plugin. -->","yoast_head_json":{"title":"La culture \u00e0 travers la cr\u00e9ativit\u00e9 et l\u2019artisanat - Destination Autochtones","description":"Quand vous optez pour des items authentiquement autochtones, vous contribuez \u00e0 la Renaissance autochtone et au bien-\u00eatre de nos communaut\u00e9s.","robots":{"index":"index","follow":"follow","max-snippet":"max-snippet:-1","max-image-preview":"max-image-preview:large","max-video-preview":"max-video-preview:-1"},"canonical":"https:\/\/destinationindigenous.ca\/fr\/arts-artisanat-cadeaux\/creativite-autochtone\/","og_locale":"fr_FR","og_type":"article","og_title":"La culture \u00e0 travers la cr\u00e9ativit\u00e9 et l\u2019artisanat","og_description":"Quand vous optez pour des items authentiquement autochtones, vous contribuez \u00e0 la Renaissance autochtone et au bien-\u00eatre de nos communaut\u00e9s.","og_url":"https:\/\/destinationindigenous.ca\/fr\/arts-artisanat-cadeaux\/creativite-autochtone\/","og_site_name":"DI - Planificateur de s\u00e9jour","og_image":[{"width":2560,"height":1709,"url":"https:\/\/destinationindigenous.ca\/wp-content\/uploads\/2020\/12\/Lennox-Island-feature-2.jpg","type":"image\/jpeg"}],"twitter_card":"summary_large_image","schema":{"@context":"https:\/\/schema.org","@graph":[{"@type":"WebPage","@id":"https:\/\/destinationindigenous.ca\/fr\/arts-artisanat-cadeaux\/creativite-autochtone\/","url":"https:\/\/destinationindigenous.ca\/fr\/arts-artisanat-cadeaux\/creativite-autochtone\/","name":"La culture \u00e0 travers la cr\u00e9ativit\u00e9 et l\u2019artisanat - Destination Autochtones","isPartOf":{"@id":"https:\/\/destinationindigenous.ca\/fr\/#website"},"primaryImageOfPage":{"@id":"https:\/\/destinationindigenous.ca\/fr\/arts-artisanat-cadeaux\/creativite-autochtone\/#primaryimage"},"image":{"@id":"https:\/\/destinationindigenous.ca\/fr\/arts-artisanat-cadeaux\/creativite-autochtone\/#primaryimage"},"thumbnailUrl":"https:\/\/destinationindigenous.ca\/wp-content\/uploads\/2020\/12\/Lennox-Island-feature-2.jpg","datePublished":"2020-12-10T20:24:04+00:00","dateModified":"2020-12-10T20:24:04+00:00","description":"Quand vous optez pour des items authentiquement autochtones, vous contribuez \u00e0 la Renaissance autochtone et au bien-\u00eatre de nos communaut\u00e9s.","breadcrumb":{"@id":"https:\/\/destinationindigenous.ca\/fr\/arts-artisanat-cadeaux\/creativite-autochtone\/#breadcrumb"},"inLanguage":"fr-FR","potentialAction":[{"@type":"ReadAction","target":["https:\/\/destinationindigenous.ca\/fr\/arts-artisanat-cadeaux\/creativite-autochtone\/"]}]},{"@type":"ImageObject","inLanguage":"fr-FR","@id":"https:\/\/destinationindigenous.ca\/fr\/arts-artisanat-cadeaux\/creativite-autochtone\/#primaryimage","url":"https:\/\/destinationindigenous.ca\/wp-content\/uploads\/2020\/12\/Lennox-Island-feature-2.jpg","contentUrl":"https:\/\/destinationindigenous.ca\/wp-content\/uploads\/2020\/12\/Lennox-Island-feature-2.jpg","width":2560,"height":1709},{"@type":"BreadcrumbList","@id":"https:\/\/destinationindigenous.ca\/fr\/arts-artisanat-cadeaux\/creativite-autochtone\/#breadcrumb","itemListElement":[{"@type":"ListItem","position":1,"name":"Home","item":"https:\/\/destinationindigenous.ca\/fr\/"},{"@type":"ListItem","position":2,"name":"Arts, Artisanat, Et Cadeaux","item":"https:\/\/destinationindigenous.ca\/fr\/arts-artisanat-cadeaux\/"},{"@type":"ListItem","position":3,"name":"La culture \u00e0 travers la cr\u00e9ativit\u00e9 et l\u2019artisanat"}]},{"@type":"WebSite","@id":"https:\/\/destinationindigenous.ca\/fr\/#website","url":"https:\/\/destinationindigenous.ca\/fr\/","name":"DI - Planificateur de s\u00e9jour","description":"Indigenous travel experiences from across Canada","publisher":{"@id":"https:\/\/destinationindigenous.ca\/fr\/#organization"},"potentialAction":[{"@type":"SearchAction","target":{"@type":"EntryPoint","urlTemplate":"https:\/\/destinationindigenous.ca\/fr\/?s={search_term_string}"},"query-input":{"@type":"PropertyValueSpecification","valueRequired":true,"valueName":"search_term_string"}}],"inLanguage":"fr-FR"},{"@type":"Organization","@id":"https:\/\/destinationindigenous.ca\/fr\/#organization","name":"Destination Indigenous","url":"https:\/\/destinationindigenous.ca\/fr\/","logo":{"@type":"ImageObject","inLanguage":"fr-FR","@id":"https:\/\/destinationindigenous.ca\/fr\/#\/schema\/logo\/image\/","url":"https:\/\/destinationindigenous.ca\/wp-content\/uploads\/2022\/08\/di-logo-navbar@2x.png","contentUrl":"https:\/\/destinationindigenous.ca\/wp-content\/uploads\/2022\/08\/di-logo-navbar@2x.png","width":960,"height":61,"caption":"Destination Indigenous"},"image":{"@id":"https:\/\/destinationindigenous.ca\/fr\/#\/schema\/logo\/image\/"}}]}},"_links":{"self":[{"href":"https:\/\/destinationindigenous.ca\/fr\/wp-json\/wp\/v2\/pages\/15306","targetHints":{"allow":["GET"]}}],"collection":[{"href":"https:\/\/destinationindigenous.ca\/fr\/wp-json\/wp\/v2\/pages"}],"about":[{"href":"https:\/\/destinationindigenous.ca\/fr\/wp-json\/wp\/v2\/types\/page"}],"author":[{"embeddable":true,"href":"https:\/\/destinationindigenous.ca\/fr\/wp-json\/wp\/v2\/users\/41"}],"replies":[{"embeddable":true,"href":"https:\/\/destinationindigenous.ca\/fr\/wp-json\/wp\/v2\/comments?post=15306"}],"version-history":[{"count":0,"href":"https:\/\/destinationindigenous.ca\/fr\/wp-json\/wp\/v2\/pages\/15306\/revisions"}],"up":[{"embeddable":true,"href":"https:\/\/destinationindigenous.ca\/fr\/wp-json\/wp\/v2\/pages\/15294"}],"wp:featuredmedia":[{"embeddable":true,"href":"https:\/\/destinationindigenous.ca\/fr\/wp-json\/wp\/v2\/media\/15307"}],"wp:attachment":[{"href":"https:\/\/destinationindigenous.ca\/fr\/wp-json\/wp\/v2\/media?parent=15306"}],"wp:term":[{"taxonomy":"category","embeddable":true,"href":"https:\/\/destinationindigenous.ca\/fr\/wp-json\/wp\/v2\/categories?post=15306"},{"taxonomy":"post_tag","embeddable":true,"href":"https:\/\/destinationindigenous.ca\/fr\/wp-json\/wp\/v2\/tags?post=15306"}],"curies":[{"name":"wp","href":"https:\/\/api.w.org\/{rel}","templated":true}]}}