{"id":6935,"date":"2019-10-16T13:10:24","date_gmt":"2019-10-16T20:10:24","guid":{"rendered":"https:\/\/destinationindigenous.ca\/?page_id=6935"},"modified":"2023-09-01T16:13:54","modified_gmt":"2023-09-01T23:13:54","slug":"culture-et-histoire","status":"publish","type":"page","link":"https:\/\/destinationindigenous.ca\/fr\/culture-et-histoire\/","title":{"rendered":"Cultures autochtones : immersion dans le vif"},"content":{"rendered":"<p>DO NOT USE<\/p>\n","protected":false},"excerpt":{"rendered":"<p>Venez d\u00e9couvrir nos diverses cultures, nos histoires et nos aspirations d\u2019hier, d\u2019aujourd\u2019hui et de demain. \u00c9coutez des contes, des chansons et des l\u00e9gendes qui ont \u00e9t\u00e9 transmis au fil d\u2019innombrables g\u00e9n\u00e9rations. Participez \u00e0 une visite culturelle ou \u00e0 un atelier et d\u00e9couvrez l\u2019esth\u00e9tique de l\u2019artisanat et des arts autochtones.<\/p>\n","protected":false},"author":41,"featured_media":8662,"parent":0,"menu_order":1,"comment_status":"closed","ping_status":"closed","template":"page-main.php","meta":{"footnotes":""},"categories":[],"tags":[],"class_list":["post-6935","page","type-page","status-publish","has-post-thumbnail","hentry"],"yoast_head":"<!-- This site is optimized with the Yoast SEO Premium plugin v24.2 (Yoast SEO v24.2) - https:\/\/yoast.com\/wordpress\/plugins\/seo\/ -->\n<title>Cultures autochtones : immersion dans le vif - Destination Autochtones<\/title>\n<meta name=\"description\" content=\"L\u2019art de raconter les l\u00e9gendes est l\u00e9gendaire en soi chez les Autochtones. Il s\u2019agit d\u2019une profonde sagesse et d\u2019anciennes connaissances qui traversent les g\u00e9n\u00e9rations par la tradition orale.\" \/>\n<meta name=\"robots\" content=\"index, follow, max-snippet:-1, max-image-preview:large, max-video-preview:-1\" \/>\n<link rel=\"canonical\" href=\"https:\/\/destinationindigenous.ca\/fr\/culture-et-histoire\/\" \/>\n<meta property=\"og:locale\" content=\"fr_FR\" \/>\n<meta property=\"og:type\" content=\"article\" \/>\n<meta property=\"og:title\" content=\"Cultures autochtones : immersion dans le vif\" \/>\n<meta property=\"og:description\" content=\"L\u2019art de raconter les l\u00e9gendes est l\u00e9gendaire en soi chez les Autochtones. Il s\u2019agit d\u2019une profonde sagesse et d\u2019anciennes connaissances qui traversent les g\u00e9n\u00e9rations par la tradition orale.\" \/>\n<meta property=\"og:url\" content=\"https:\/\/destinationindigenous.ca\/fr\/culture-et-histoire\/\" \/>\n<meta property=\"og:site_name\" content=\"DI - Planificateur de s\u00e9jour\" \/>\n<meta property=\"article:modified_time\" content=\"2023-09-01T23:13:54+00:00\" \/>\n<meta property=\"og:image\" content=\"https:\/\/destinationindigenous.ca\/wp-content\/uploads\/2020\/03\/culture.jpg\" \/>\n\t<meta property=\"og:image:width\" content=\"2560\" \/>\n\t<meta property=\"og:image:height\" content=\"1709\" \/>\n\t<meta property=\"og:image:type\" content=\"image\/jpeg\" \/>\n<meta name=\"twitter:card\" content=\"summary_large_image\" \/>\n<meta name=\"twitter:label1\" content=\"Dur\u00e9e de lecture estim\u00e9e\" \/>\n\t<meta name=\"twitter:data1\" content=\"1 minute\" \/>\n<script type=\"application\/ld+json\" class=\"yoast-schema-graph\">{\"@context\":\"https:\/\/schema.org\",\"@graph\":[{\"@type\":\"WebPage\",\"@id\":\"https:\/\/destinationindigenous.ca\/fr\/culture-et-histoire\/\",\"url\":\"https:\/\/destinationindigenous.ca\/fr\/culture-et-histoire\/\",\"name\":\"Cultures autochtones : immersion dans le vif - Destination Autochtones\",\"isPartOf\":{\"@id\":\"https:\/\/destinationindigenous.ca\/fr\/#website\"},\"primaryImageOfPage\":{\"@id\":\"https:\/\/destinationindigenous.ca\/fr\/culture-et-histoire\/#primaryimage\"},\"image\":{\"@id\":\"https:\/\/destinationindigenous.ca\/fr\/culture-et-histoire\/#primaryimage\"},\"thumbnailUrl\":\"https:\/\/destinationindigenous.ca\/wp-content\/uploads\/2020\/03\/culture.jpg\",\"datePublished\":\"2019-10-16T20:10:24+00:00\",\"dateModified\":\"2023-09-01T23:13:54+00:00\",\"description\":\"L\u2019art de raconter les l\u00e9gendes est l\u00e9gendaire en soi chez les Autochtones. Il s\u2019agit d\u2019une profonde sagesse et d\u2019anciennes connaissances qui traversent les g\u00e9n\u00e9rations par la tradition orale.\",\"breadcrumb\":{\"@id\":\"https:\/\/destinationindigenous.ca\/fr\/culture-et-histoire\/#breadcrumb\"},\"inLanguage\":\"fr-FR\",\"potentialAction\":[{\"@type\":\"ReadAction\",\"target\":[\"https:\/\/destinationindigenous.ca\/fr\/culture-et-histoire\/\"]}]},{\"@type\":\"ImageObject\",\"inLanguage\":\"fr-FR\",\"@id\":\"https:\/\/destinationindigenous.ca\/fr\/culture-et-histoire\/#primaryimage\",\"url\":\"https:\/\/destinationindigenous.ca\/wp-content\/uploads\/2020\/03\/culture.jpg\",\"contentUrl\":\"https:\/\/destinationindigenous.ca\/wp-content\/uploads\/2020\/03\/culture.jpg\",\"width\":2560,\"height\":1709},{\"@type\":\"BreadcrumbList\",\"@id\":\"https:\/\/destinationindigenous.ca\/fr\/culture-et-histoire\/#breadcrumb\",\"itemListElement\":[{\"@type\":\"ListItem\",\"position\":1,\"name\":\"Home\",\"item\":\"https:\/\/destinationindigenous.ca\/fr\/\"},{\"@type\":\"ListItem\",\"position\":2,\"name\":\"Cultures autochtones : immersion dans le vif\"}]},{\"@type\":\"WebSite\",\"@id\":\"https:\/\/destinationindigenous.ca\/fr\/#website\",\"url\":\"https:\/\/destinationindigenous.ca\/fr\/\",\"name\":\"DI - Planificateur de s\u00e9jour\",\"description\":\"Indigenous travel experiences from across Canada\",\"publisher\":{\"@id\":\"https:\/\/destinationindigenous.ca\/fr\/#organization\"},\"potentialAction\":[{\"@type\":\"SearchAction\",\"target\":{\"@type\":\"EntryPoint\",\"urlTemplate\":\"https:\/\/destinationindigenous.ca\/fr\/?s={search_term_string}\"},\"query-input\":{\"@type\":\"PropertyValueSpecification\",\"valueRequired\":true,\"valueName\":\"search_term_string\"}}],\"inLanguage\":\"fr-FR\"},{\"@type\":\"Organization\",\"@id\":\"https:\/\/destinationindigenous.ca\/fr\/#organization\",\"name\":\"Destination Indigenous\",\"url\":\"https:\/\/destinationindigenous.ca\/fr\/\",\"logo\":{\"@type\":\"ImageObject\",\"inLanguage\":\"fr-FR\",\"@id\":\"https:\/\/destinationindigenous.ca\/fr\/#\/schema\/logo\/image\/\",\"url\":\"https:\/\/destinationindigenous.ca\/wp-content\/uploads\/2022\/08\/di-logo-navbar@2x.png\",\"contentUrl\":\"https:\/\/destinationindigenous.ca\/wp-content\/uploads\/2022\/08\/di-logo-navbar@2x.png\",\"width\":960,\"height\":61,\"caption\":\"Destination Indigenous\"},\"image\":{\"@id\":\"https:\/\/destinationindigenous.ca\/fr\/#\/schema\/logo\/image\/\"}}]}<\/script>\n<!-- \/ Yoast SEO Premium plugin. -->","yoast_head_json":{"title":"Cultures autochtones : immersion dans le vif - Destination Autochtones","description":"L\u2019art de raconter les l\u00e9gendes est l\u00e9gendaire en soi chez les Autochtones. Il s\u2019agit d\u2019une profonde sagesse et d\u2019anciennes connaissances qui traversent les g\u00e9n\u00e9rations par la tradition orale.","robots":{"index":"index","follow":"follow","max-snippet":"max-snippet:-1","max-image-preview":"max-image-preview:large","max-video-preview":"max-video-preview:-1"},"canonical":"https:\/\/destinationindigenous.ca\/fr\/culture-et-histoire\/","og_locale":"fr_FR","og_type":"article","og_title":"Cultures autochtones : immersion dans le vif","og_description":"L\u2019art de raconter les l\u00e9gendes est l\u00e9gendaire en soi chez les Autochtones. Il s\u2019agit d\u2019une profonde sagesse et d\u2019anciennes connaissances qui traversent les g\u00e9n\u00e9rations par la tradition orale.","og_url":"https:\/\/destinationindigenous.ca\/fr\/culture-et-histoire\/","og_site_name":"DI - Planificateur de s\u00e9jour","article_modified_time":"2023-09-01T23:13:54+00:00","og_image":[{"width":2560,"height":1709,"url":"https:\/\/destinationindigenous.ca\/wp-content\/uploads\/2020\/03\/culture.jpg","type":"image\/jpeg"}],"twitter_card":"summary_large_image","twitter_misc":{"Dur\u00e9e de lecture estim\u00e9e":"1 minute"},"schema":{"@context":"https:\/\/schema.org","@graph":[{"@type":"WebPage","@id":"https:\/\/destinationindigenous.ca\/fr\/culture-et-histoire\/","url":"https:\/\/destinationindigenous.ca\/fr\/culture-et-histoire\/","name":"Cultures autochtones : immersion dans le vif - Destination Autochtones","isPartOf":{"@id":"https:\/\/destinationindigenous.ca\/fr\/#website"},"primaryImageOfPage":{"@id":"https:\/\/destinationindigenous.ca\/fr\/culture-et-histoire\/#primaryimage"},"image":{"@id":"https:\/\/destinationindigenous.ca\/fr\/culture-et-histoire\/#primaryimage"},"thumbnailUrl":"https:\/\/destinationindigenous.ca\/wp-content\/uploads\/2020\/03\/culture.jpg","datePublished":"2019-10-16T20:10:24+00:00","dateModified":"2023-09-01T23:13:54+00:00","description":"L\u2019art de raconter les l\u00e9gendes est l\u00e9gendaire en soi chez les Autochtones. Il s\u2019agit d\u2019une profonde sagesse et d\u2019anciennes connaissances qui traversent les g\u00e9n\u00e9rations par la tradition orale.","breadcrumb":{"@id":"https:\/\/destinationindigenous.ca\/fr\/culture-et-histoire\/#breadcrumb"},"inLanguage":"fr-FR","potentialAction":[{"@type":"ReadAction","target":["https:\/\/destinationindigenous.ca\/fr\/culture-et-histoire\/"]}]},{"@type":"ImageObject","inLanguage":"fr-FR","@id":"https:\/\/destinationindigenous.ca\/fr\/culture-et-histoire\/#primaryimage","url":"https:\/\/destinationindigenous.ca\/wp-content\/uploads\/2020\/03\/culture.jpg","contentUrl":"https:\/\/destinationindigenous.ca\/wp-content\/uploads\/2020\/03\/culture.jpg","width":2560,"height":1709},{"@type":"BreadcrumbList","@id":"https:\/\/destinationindigenous.ca\/fr\/culture-et-histoire\/#breadcrumb","itemListElement":[{"@type":"ListItem","position":1,"name":"Home","item":"https:\/\/destinationindigenous.ca\/fr\/"},{"@type":"ListItem","position":2,"name":"Cultures autochtones : immersion dans le vif"}]},{"@type":"WebSite","@id":"https:\/\/destinationindigenous.ca\/fr\/#website","url":"https:\/\/destinationindigenous.ca\/fr\/","name":"DI - Planificateur de s\u00e9jour","description":"Indigenous travel experiences from across Canada","publisher":{"@id":"https:\/\/destinationindigenous.ca\/fr\/#organization"},"potentialAction":[{"@type":"SearchAction","target":{"@type":"EntryPoint","urlTemplate":"https:\/\/destinationindigenous.ca\/fr\/?s={search_term_string}"},"query-input":{"@type":"PropertyValueSpecification","valueRequired":true,"valueName":"search_term_string"}}],"inLanguage":"fr-FR"},{"@type":"Organization","@id":"https:\/\/destinationindigenous.ca\/fr\/#organization","name":"Destination Indigenous","url":"https:\/\/destinationindigenous.ca\/fr\/","logo":{"@type":"ImageObject","inLanguage":"fr-FR","@id":"https:\/\/destinationindigenous.ca\/fr\/#\/schema\/logo\/image\/","url":"https:\/\/destinationindigenous.ca\/wp-content\/uploads\/2022\/08\/di-logo-navbar@2x.png","contentUrl":"https:\/\/destinationindigenous.ca\/wp-content\/uploads\/2022\/08\/di-logo-navbar@2x.png","width":960,"height":61,"caption":"Destination Indigenous"},"image":{"@id":"https:\/\/destinationindigenous.ca\/fr\/#\/schema\/logo\/image\/"}}]}},"_links":{"self":[{"href":"https:\/\/destinationindigenous.ca\/fr\/wp-json\/wp\/v2\/pages\/6935","targetHints":{"allow":["GET"]}}],"collection":[{"href":"https:\/\/destinationindigenous.ca\/fr\/wp-json\/wp\/v2\/pages"}],"about":[{"href":"https:\/\/destinationindigenous.ca\/fr\/wp-json\/wp\/v2\/types\/page"}],"author":[{"embeddable":true,"href":"https:\/\/destinationindigenous.ca\/fr\/wp-json\/wp\/v2\/users\/41"}],"replies":[{"embeddable":true,"href":"https:\/\/destinationindigenous.ca\/fr\/wp-json\/wp\/v2\/comments?post=6935"}],"version-history":[{"count":0,"href":"https:\/\/destinationindigenous.ca\/fr\/wp-json\/wp\/v2\/pages\/6935\/revisions"}],"wp:featuredmedia":[{"embeddable":true,"href":"https:\/\/destinationindigenous.ca\/fr\/wp-json\/wp\/v2\/media\/8662"}],"wp:attachment":[{"href":"https:\/\/destinationindigenous.ca\/fr\/wp-json\/wp\/v2\/media?parent=6935"}],"wp:term":[{"taxonomy":"category","embeddable":true,"href":"https:\/\/destinationindigenous.ca\/fr\/wp-json\/wp\/v2\/categories?post=6935"},{"taxonomy":"post_tag","embeddable":true,"href":"https:\/\/destinationindigenous.ca\/fr\/wp-json\/wp\/v2\/tags?post=6935"}],"curies":[{"name":"wp","href":"https:\/\/api.w.org\/{rel}","templated":true}]}}