{"id":6944,"date":"2019-10-17T14:28:46","date_gmt":"2019-10-17T21:28:46","guid":{"rendered":"https:\/\/destinationindigenous.ca\/accommodations\/"},"modified":"2023-09-01T16:22:05","modified_gmt":"2023-09-01T23:22:05","slug":"hebergement","status":"publish","type":"page","link":"https:\/\/destinationindigenous.ca\/fr\/hebergement\/","title":{"rendered":"Bienvenue au c\u0153ur de l\u2019hospitalit\u00e9 autochtone"},"content":{"rendered":"","protected":false},"excerpt":{"rendered":"<p>Du camping rustique au glamping haut de gamme en passant par les chalets au bord d\u2019un lac, les spas luxueux, les casinos et les terrains de golf, les h\u00e9bergements autochtones authentiques et les options de d\u00e9tente sauront plaire \u00e0 tous les go\u00fbts. Que vous souhaitiez \u00eatre loin de tout ou au c\u0153ur de l&rsquo;action, vous vous sentirez comme chez vous gr\u00e2ce \u00e0 vos h\u00f4tes autochtones.<\/p>\n","protected":false},"author":41,"featured_media":8664,"parent":0,"menu_order":2,"comment_status":"closed","ping_status":"closed","template":"page-main.php","meta":{"footnotes":""},"categories":[],"tags":[],"class_list":["post-6944","page","type-page","status-publish","has-post-thumbnail","hentry"],"yoast_head":"<!-- This site is optimized with the Yoast SEO Premium plugin v24.2 (Yoast SEO v24.2) - https:\/\/yoast.com\/wordpress\/plugins\/seo\/ -->\n<title>Bienvenue au c\u0153ur de l\u2019hospitalit\u00e9 autochtone - Destination Autochtones<\/title>\n<meta name=\"description\" content=\"D\u00e9couvrez l\u2019hospitalit\u00e9 l\u00e9gendaire des peuples autochtones, qui sont les gardiens mill\u00e9naires de vastes contr\u00e9es.\" \/>\n<meta name=\"robots\" content=\"index, follow, max-snippet:-1, max-image-preview:large, max-video-preview:-1\" \/>\n<link rel=\"canonical\" href=\"https:\/\/destinationindigenous.ca\/fr\/hebergement\/\" \/>\n<meta property=\"og:locale\" content=\"fr_FR\" \/>\n<meta property=\"og:type\" content=\"article\" \/>\n<meta property=\"og:title\" content=\"Bienvenue au c\u0153ur de l\u2019hospitalit\u00e9 autochtone\" \/>\n<meta property=\"og:description\" content=\"D\u00e9couvrez l\u2019hospitalit\u00e9 l\u00e9gendaire des peuples autochtones, qui sont les gardiens mill\u00e9naires de vastes contr\u00e9es.\" \/>\n<meta property=\"og:url\" content=\"https:\/\/destinationindigenous.ca\/fr\/hebergement\/\" \/>\n<meta property=\"og:site_name\" content=\"DI - Planificateur de s\u00e9jour\" \/>\n<meta property=\"article:modified_time\" content=\"2023-09-01T23:22:05+00:00\" \/>\n<meta property=\"og:image\" content=\"https:\/\/destinationindigenous.ca\/wp-content\/uploads\/2020\/04\/OceanHouse_KylerVos-37-of-467.jpg\" \/>\n\t<meta property=\"og:image:width\" content=\"2560\" \/>\n\t<meta property=\"og:image:height\" content=\"1707\" \/>\n\t<meta property=\"og:image:type\" content=\"image\/jpeg\" \/>\n<meta name=\"twitter:card\" content=\"summary_large_image\" \/>\n<script type=\"application\/ld+json\" class=\"yoast-schema-graph\">{\"@context\":\"https:\/\/schema.org\",\"@graph\":[{\"@type\":\"WebPage\",\"@id\":\"https:\/\/destinationindigenous.ca\/fr\/hebergement\/\",\"url\":\"https:\/\/destinationindigenous.ca\/fr\/hebergement\/\",\"name\":\"Bienvenue au c\u0153ur de l\u2019hospitalit\u00e9 autochtone - Destination Autochtones\",\"isPartOf\":{\"@id\":\"https:\/\/destinationindigenous.ca\/fr\/#website\"},\"primaryImageOfPage\":{\"@id\":\"https:\/\/destinationindigenous.ca\/fr\/hebergement\/#primaryimage\"},\"image\":{\"@id\":\"https:\/\/destinationindigenous.ca\/fr\/hebergement\/#primaryimage\"},\"thumbnailUrl\":\"https:\/\/destinationindigenous.ca\/wp-content\/uploads\/2020\/04\/OceanHouse_KylerVos-37-of-467.jpg\",\"datePublished\":\"2019-10-17T21:28:46+00:00\",\"dateModified\":\"2023-09-01T23:22:05+00:00\",\"description\":\"D\u00e9couvrez l\u2019hospitalit\u00e9 l\u00e9gendaire des peuples autochtones, qui sont les gardiens mill\u00e9naires de vastes contr\u00e9es.\",\"breadcrumb\":{\"@id\":\"https:\/\/destinationindigenous.ca\/fr\/hebergement\/#breadcrumb\"},\"inLanguage\":\"fr-FR\",\"potentialAction\":[{\"@type\":\"ReadAction\",\"target\":[\"https:\/\/destinationindigenous.ca\/fr\/hebergement\/\"]}]},{\"@type\":\"ImageObject\",\"inLanguage\":\"fr-FR\",\"@id\":\"https:\/\/destinationindigenous.ca\/fr\/hebergement\/#primaryimage\",\"url\":\"https:\/\/destinationindigenous.ca\/wp-content\/uploads\/2020\/04\/OceanHouse_KylerVos-37-of-467.jpg\",\"contentUrl\":\"https:\/\/destinationindigenous.ca\/wp-content\/uploads\/2020\/04\/OceanHouse_KylerVos-37-of-467.jpg\",\"width\":2560,\"height\":1707},{\"@type\":\"BreadcrumbList\",\"@id\":\"https:\/\/destinationindigenous.ca\/fr\/hebergement\/#breadcrumb\",\"itemListElement\":[{\"@type\":\"ListItem\",\"position\":1,\"name\":\"Home\",\"item\":\"https:\/\/destinationindigenous.ca\/fr\/\"},{\"@type\":\"ListItem\",\"position\":2,\"name\":\"Bienvenue au c\u0153ur de l\u2019hospitalit\u00e9 autochtone\"}]},{\"@type\":\"WebSite\",\"@id\":\"https:\/\/destinationindigenous.ca\/fr\/#website\",\"url\":\"https:\/\/destinationindigenous.ca\/fr\/\",\"name\":\"DI - Planificateur de s\u00e9jour\",\"description\":\"Indigenous travel experiences from across Canada\",\"publisher\":{\"@id\":\"https:\/\/destinationindigenous.ca\/fr\/#organization\"},\"potentialAction\":[{\"@type\":\"SearchAction\",\"target\":{\"@type\":\"EntryPoint\",\"urlTemplate\":\"https:\/\/destinationindigenous.ca\/fr\/?s={search_term_string}\"},\"query-input\":{\"@type\":\"PropertyValueSpecification\",\"valueRequired\":true,\"valueName\":\"search_term_string\"}}],\"inLanguage\":\"fr-FR\"},{\"@type\":\"Organization\",\"@id\":\"https:\/\/destinationindigenous.ca\/fr\/#organization\",\"name\":\"Destination Indigenous\",\"url\":\"https:\/\/destinationindigenous.ca\/fr\/\",\"logo\":{\"@type\":\"ImageObject\",\"inLanguage\":\"fr-FR\",\"@id\":\"https:\/\/destinationindigenous.ca\/fr\/#\/schema\/logo\/image\/\",\"url\":\"https:\/\/destinationindigenous.ca\/wp-content\/uploads\/2022\/08\/di-logo-navbar@2x.png\",\"contentUrl\":\"https:\/\/destinationindigenous.ca\/wp-content\/uploads\/2022\/08\/di-logo-navbar@2x.png\",\"width\":960,\"height\":61,\"caption\":\"Destination Indigenous\"},\"image\":{\"@id\":\"https:\/\/destinationindigenous.ca\/fr\/#\/schema\/logo\/image\/\"}}]}<\/script>\n<!-- \/ Yoast SEO Premium plugin. -->","yoast_head_json":{"title":"Bienvenue au c\u0153ur de l\u2019hospitalit\u00e9 autochtone - Destination Autochtones","description":"D\u00e9couvrez l\u2019hospitalit\u00e9 l\u00e9gendaire des peuples autochtones, qui sont les gardiens mill\u00e9naires de vastes contr\u00e9es.","robots":{"index":"index","follow":"follow","max-snippet":"max-snippet:-1","max-image-preview":"max-image-preview:large","max-video-preview":"max-video-preview:-1"},"canonical":"https:\/\/destinationindigenous.ca\/fr\/hebergement\/","og_locale":"fr_FR","og_type":"article","og_title":"Bienvenue au c\u0153ur de l\u2019hospitalit\u00e9 autochtone","og_description":"D\u00e9couvrez l\u2019hospitalit\u00e9 l\u00e9gendaire des peuples autochtones, qui sont les gardiens mill\u00e9naires de vastes contr\u00e9es.","og_url":"https:\/\/destinationindigenous.ca\/fr\/hebergement\/","og_site_name":"DI - Planificateur de s\u00e9jour","article_modified_time":"2023-09-01T23:22:05+00:00","og_image":[{"width":2560,"height":1707,"url":"https:\/\/destinationindigenous.ca\/wp-content\/uploads\/2020\/04\/OceanHouse_KylerVos-37-of-467.jpg","type":"image\/jpeg"}],"twitter_card":"summary_large_image","schema":{"@context":"https:\/\/schema.org","@graph":[{"@type":"WebPage","@id":"https:\/\/destinationindigenous.ca\/fr\/hebergement\/","url":"https:\/\/destinationindigenous.ca\/fr\/hebergement\/","name":"Bienvenue au c\u0153ur de l\u2019hospitalit\u00e9 autochtone - Destination Autochtones","isPartOf":{"@id":"https:\/\/destinationindigenous.ca\/fr\/#website"},"primaryImageOfPage":{"@id":"https:\/\/destinationindigenous.ca\/fr\/hebergement\/#primaryimage"},"image":{"@id":"https:\/\/destinationindigenous.ca\/fr\/hebergement\/#primaryimage"},"thumbnailUrl":"https:\/\/destinationindigenous.ca\/wp-content\/uploads\/2020\/04\/OceanHouse_KylerVos-37-of-467.jpg","datePublished":"2019-10-17T21:28:46+00:00","dateModified":"2023-09-01T23:22:05+00:00","description":"D\u00e9couvrez l\u2019hospitalit\u00e9 l\u00e9gendaire des peuples autochtones, qui sont les gardiens mill\u00e9naires de vastes contr\u00e9es.","breadcrumb":{"@id":"https:\/\/destinationindigenous.ca\/fr\/hebergement\/#breadcrumb"},"inLanguage":"fr-FR","potentialAction":[{"@type":"ReadAction","target":["https:\/\/destinationindigenous.ca\/fr\/hebergement\/"]}]},{"@type":"ImageObject","inLanguage":"fr-FR","@id":"https:\/\/destinationindigenous.ca\/fr\/hebergement\/#primaryimage","url":"https:\/\/destinationindigenous.ca\/wp-content\/uploads\/2020\/04\/OceanHouse_KylerVos-37-of-467.jpg","contentUrl":"https:\/\/destinationindigenous.ca\/wp-content\/uploads\/2020\/04\/OceanHouse_KylerVos-37-of-467.jpg","width":2560,"height":1707},{"@type":"BreadcrumbList","@id":"https:\/\/destinationindigenous.ca\/fr\/hebergement\/#breadcrumb","itemListElement":[{"@type":"ListItem","position":1,"name":"Home","item":"https:\/\/destinationindigenous.ca\/fr\/"},{"@type":"ListItem","position":2,"name":"Bienvenue au c\u0153ur de l\u2019hospitalit\u00e9 autochtone"}]},{"@type":"WebSite","@id":"https:\/\/destinationindigenous.ca\/fr\/#website","url":"https:\/\/destinationindigenous.ca\/fr\/","name":"DI - Planificateur de s\u00e9jour","description":"Indigenous travel experiences from across Canada","publisher":{"@id":"https:\/\/destinationindigenous.ca\/fr\/#organization"},"potentialAction":[{"@type":"SearchAction","target":{"@type":"EntryPoint","urlTemplate":"https:\/\/destinationindigenous.ca\/fr\/?s={search_term_string}"},"query-input":{"@type":"PropertyValueSpecification","valueRequired":true,"valueName":"search_term_string"}}],"inLanguage":"fr-FR"},{"@type":"Organization","@id":"https:\/\/destinationindigenous.ca\/fr\/#organization","name":"Destination Indigenous","url":"https:\/\/destinationindigenous.ca\/fr\/","logo":{"@type":"ImageObject","inLanguage":"fr-FR","@id":"https:\/\/destinationindigenous.ca\/fr\/#\/schema\/logo\/image\/","url":"https:\/\/destinationindigenous.ca\/wp-content\/uploads\/2022\/08\/di-logo-navbar@2x.png","contentUrl":"https:\/\/destinationindigenous.ca\/wp-content\/uploads\/2022\/08\/di-logo-navbar@2x.png","width":960,"height":61,"caption":"Destination Indigenous"},"image":{"@id":"https:\/\/destinationindigenous.ca\/fr\/#\/schema\/logo\/image\/"}}]}},"_links":{"self":[{"href":"https:\/\/destinationindigenous.ca\/fr\/wp-json\/wp\/v2\/pages\/6944","targetHints":{"allow":["GET"]}}],"collection":[{"href":"https:\/\/destinationindigenous.ca\/fr\/wp-json\/wp\/v2\/pages"}],"about":[{"href":"https:\/\/destinationindigenous.ca\/fr\/wp-json\/wp\/v2\/types\/page"}],"author":[{"embeddable":true,"href":"https:\/\/destinationindigenous.ca\/fr\/wp-json\/wp\/v2\/users\/41"}],"replies":[{"embeddable":true,"href":"https:\/\/destinationindigenous.ca\/fr\/wp-json\/wp\/v2\/comments?post=6944"}],"version-history":[{"count":0,"href":"https:\/\/destinationindigenous.ca\/fr\/wp-json\/wp\/v2\/pages\/6944\/revisions"}],"wp:featuredmedia":[{"embeddable":true,"href":"https:\/\/destinationindigenous.ca\/fr\/wp-json\/wp\/v2\/media\/8664"}],"wp:attachment":[{"href":"https:\/\/destinationindigenous.ca\/fr\/wp-json\/wp\/v2\/media?parent=6944"}],"wp:term":[{"taxonomy":"category","embeddable":true,"href":"https:\/\/destinationindigenous.ca\/fr\/wp-json\/wp\/v2\/categories?post=6944"},{"taxonomy":"post_tag","embeddable":true,"href":"https:\/\/destinationindigenous.ca\/fr\/wp-json\/wp\/v2\/tags?post=6944"}],"curies":[{"name":"wp","href":"https:\/\/api.w.org\/{rel}","templated":true}]}}