{"id":6951,"date":"2019-10-17T14:29:27","date_gmt":"2019-10-17T21:29:27","guid":{"rendered":"https:\/\/destinationindigenous.ca\/nature-wildlife\/"},"modified":"2023-09-01T16:16:53","modified_gmt":"2023-09-01T23:16:53","slug":"nature-et-faune","status":"publish","type":"page","link":"https:\/\/destinationindigenous.ca\/fr\/nature-et-faune\/","title":{"rendered":"Perspective autochtone sur la nature et la faune"},"content":{"rendered":"<p>DO NOT USE<\/p>\n","protected":false},"excerpt":{"rendered":"<p>Faites une incursion dans la nature sauvage. Admirez la beaut\u00e9 du monde naturel de la perspective autochtone. Mers, montagnes, for\u00eat tropicale, prairies, toundra \u2013 explorez des paysages uniques et vivez de fabuleuses rencontres avec des animaux, en compagnie de vos h\u00f4tes et guides autochtones. Le tout dans le plus grand respect.<\/p>\n","protected":false},"author":41,"featured_media":8663,"parent":0,"menu_order":3,"comment_status":"closed","ping_status":"closed","template":"page-main.php","meta":{"footnotes":""},"categories":[],"tags":[],"class_list":["post-6951","page","type-page","status-publish","has-post-thumbnail","hentry"],"yoast_head":"<!-- This site is optimized with the Yoast SEO Premium plugin v24.2 (Yoast SEO v24.2) - https:\/\/yoast.com\/wordpress\/plugins\/seo\/ -->\n<title>Perspective autochtone sur la nature et la faune - Destination Autochtones<\/title>\n<meta name=\"description\" content=\"Joignez-vous \u00e0 nous pour un voyage \u00e0 travers les terres et les mers qui ont influenc\u00e9 nos anc\u00eatres, nos cultures et nos traditions.\" \/>\n<meta name=\"robots\" content=\"index, follow, max-snippet:-1, max-image-preview:large, max-video-preview:-1\" \/>\n<link rel=\"canonical\" href=\"https:\/\/destinationindigenous.ca\/fr\/nature-et-faune\/\" \/>\n<meta property=\"og:locale\" content=\"fr_FR\" \/>\n<meta property=\"og:type\" content=\"article\" \/>\n<meta property=\"og:title\" content=\"Perspective autochtone sur la nature et la faune\" \/>\n<meta property=\"og:description\" content=\"Joignez-vous \u00e0 nous pour un voyage \u00e0 travers les terres et les mers qui ont influenc\u00e9 nos anc\u00eatres, nos cultures et nos traditions.\" \/>\n<meta property=\"og:url\" content=\"https:\/\/destinationindigenous.ca\/fr\/nature-et-faune\/\" \/>\n<meta property=\"og:site_name\" content=\"DI - Planificateur de s\u00e9jour\" \/>\n<meta property=\"article:modified_time\" content=\"2023-09-01T23:16:53+00:00\" \/>\n<meta property=\"og:image\" content=\"https:\/\/destinationindigenous.ca\/wp-content\/uploads\/2020\/04\/di-elk.jpg\" \/>\n\t<meta property=\"og:image:width\" content=\"2560\" \/>\n\t<meta property=\"og:image:height\" content=\"1439\" \/>\n\t<meta property=\"og:image:type\" content=\"image\/jpeg\" \/>\n<meta name=\"twitter:card\" content=\"summary_large_image\" \/>\n<meta name=\"twitter:label1\" content=\"Dur\u00e9e de lecture estim\u00e9e\" \/>\n\t<meta name=\"twitter:data1\" content=\"1 minute\" \/>\n<script type=\"application\/ld+json\" class=\"yoast-schema-graph\">{\"@context\":\"https:\/\/schema.org\",\"@graph\":[{\"@type\":\"WebPage\",\"@id\":\"https:\/\/destinationindigenous.ca\/fr\/nature-et-faune\/\",\"url\":\"https:\/\/destinationindigenous.ca\/fr\/nature-et-faune\/\",\"name\":\"Perspective autochtone sur la nature et la faune - Destination Autochtones\",\"isPartOf\":{\"@id\":\"https:\/\/destinationindigenous.ca\/fr\/#website\"},\"primaryImageOfPage\":{\"@id\":\"https:\/\/destinationindigenous.ca\/fr\/nature-et-faune\/#primaryimage\"},\"image\":{\"@id\":\"https:\/\/destinationindigenous.ca\/fr\/nature-et-faune\/#primaryimage\"},\"thumbnailUrl\":\"https:\/\/destinationindigenous.ca\/wp-content\/uploads\/2020\/04\/di-elk.jpg\",\"datePublished\":\"2019-10-17T21:29:27+00:00\",\"dateModified\":\"2023-09-01T23:16:53+00:00\",\"description\":\"Joignez-vous \u00e0 nous pour un voyage \u00e0 travers les terres et les mers qui ont influenc\u00e9 nos anc\u00eatres, nos cultures et nos traditions.\",\"breadcrumb\":{\"@id\":\"https:\/\/destinationindigenous.ca\/fr\/nature-et-faune\/#breadcrumb\"},\"inLanguage\":\"fr-FR\",\"potentialAction\":[{\"@type\":\"ReadAction\",\"target\":[\"https:\/\/destinationindigenous.ca\/fr\/nature-et-faune\/\"]}]},{\"@type\":\"ImageObject\",\"inLanguage\":\"fr-FR\",\"@id\":\"https:\/\/destinationindigenous.ca\/fr\/nature-et-faune\/#primaryimage\",\"url\":\"https:\/\/destinationindigenous.ca\/wp-content\/uploads\/2020\/04\/di-elk.jpg\",\"contentUrl\":\"https:\/\/destinationindigenous.ca\/wp-content\/uploads\/2020\/04\/di-elk.jpg\",\"width\":2560,\"height\":1439},{\"@type\":\"BreadcrumbList\",\"@id\":\"https:\/\/destinationindigenous.ca\/fr\/nature-et-faune\/#breadcrumb\",\"itemListElement\":[{\"@type\":\"ListItem\",\"position\":1,\"name\":\"Home\",\"item\":\"https:\/\/destinationindigenous.ca\/fr\/\"},{\"@type\":\"ListItem\",\"position\":2,\"name\":\"Perspective autochtone sur la nature et la faune\"}]},{\"@type\":\"WebSite\",\"@id\":\"https:\/\/destinationindigenous.ca\/fr\/#website\",\"url\":\"https:\/\/destinationindigenous.ca\/fr\/\",\"name\":\"DI - Planificateur de s\u00e9jour\",\"description\":\"Indigenous travel experiences from across Canada\",\"publisher\":{\"@id\":\"https:\/\/destinationindigenous.ca\/fr\/#organization\"},\"potentialAction\":[{\"@type\":\"SearchAction\",\"target\":{\"@type\":\"EntryPoint\",\"urlTemplate\":\"https:\/\/destinationindigenous.ca\/fr\/?s={search_term_string}\"},\"query-input\":{\"@type\":\"PropertyValueSpecification\",\"valueRequired\":true,\"valueName\":\"search_term_string\"}}],\"inLanguage\":\"fr-FR\"},{\"@type\":\"Organization\",\"@id\":\"https:\/\/destinationindigenous.ca\/fr\/#organization\",\"name\":\"Destination Indigenous\",\"url\":\"https:\/\/destinationindigenous.ca\/fr\/\",\"logo\":{\"@type\":\"ImageObject\",\"inLanguage\":\"fr-FR\",\"@id\":\"https:\/\/destinationindigenous.ca\/fr\/#\/schema\/logo\/image\/\",\"url\":\"https:\/\/destinationindigenous.ca\/wp-content\/uploads\/2022\/08\/di-logo-navbar@2x.png\",\"contentUrl\":\"https:\/\/destinationindigenous.ca\/wp-content\/uploads\/2022\/08\/di-logo-navbar@2x.png\",\"width\":960,\"height\":61,\"caption\":\"Destination Indigenous\"},\"image\":{\"@id\":\"https:\/\/destinationindigenous.ca\/fr\/#\/schema\/logo\/image\/\"}}]}<\/script>\n<!-- \/ Yoast SEO Premium plugin. -->","yoast_head_json":{"title":"Perspective autochtone sur la nature et la faune - Destination Autochtones","description":"Joignez-vous \u00e0 nous pour un voyage \u00e0 travers les terres et les mers qui ont influenc\u00e9 nos anc\u00eatres, nos cultures et nos traditions.","robots":{"index":"index","follow":"follow","max-snippet":"max-snippet:-1","max-image-preview":"max-image-preview:large","max-video-preview":"max-video-preview:-1"},"canonical":"https:\/\/destinationindigenous.ca\/fr\/nature-et-faune\/","og_locale":"fr_FR","og_type":"article","og_title":"Perspective autochtone sur la nature et la faune","og_description":"Joignez-vous \u00e0 nous pour un voyage \u00e0 travers les terres et les mers qui ont influenc\u00e9 nos anc\u00eatres, nos cultures et nos traditions.","og_url":"https:\/\/destinationindigenous.ca\/fr\/nature-et-faune\/","og_site_name":"DI - Planificateur de s\u00e9jour","article_modified_time":"2023-09-01T23:16:53+00:00","og_image":[{"width":2560,"height":1439,"url":"https:\/\/destinationindigenous.ca\/wp-content\/uploads\/2020\/04\/di-elk.jpg","type":"image\/jpeg"}],"twitter_card":"summary_large_image","twitter_misc":{"Dur\u00e9e de lecture estim\u00e9e":"1 minute"},"schema":{"@context":"https:\/\/schema.org","@graph":[{"@type":"WebPage","@id":"https:\/\/destinationindigenous.ca\/fr\/nature-et-faune\/","url":"https:\/\/destinationindigenous.ca\/fr\/nature-et-faune\/","name":"Perspective autochtone sur la nature et la faune - Destination Autochtones","isPartOf":{"@id":"https:\/\/destinationindigenous.ca\/fr\/#website"},"primaryImageOfPage":{"@id":"https:\/\/destinationindigenous.ca\/fr\/nature-et-faune\/#primaryimage"},"image":{"@id":"https:\/\/destinationindigenous.ca\/fr\/nature-et-faune\/#primaryimage"},"thumbnailUrl":"https:\/\/destinationindigenous.ca\/wp-content\/uploads\/2020\/04\/di-elk.jpg","datePublished":"2019-10-17T21:29:27+00:00","dateModified":"2023-09-01T23:16:53+00:00","description":"Joignez-vous \u00e0 nous pour un voyage \u00e0 travers les terres et les mers qui ont influenc\u00e9 nos anc\u00eatres, nos cultures et nos traditions.","breadcrumb":{"@id":"https:\/\/destinationindigenous.ca\/fr\/nature-et-faune\/#breadcrumb"},"inLanguage":"fr-FR","potentialAction":[{"@type":"ReadAction","target":["https:\/\/destinationindigenous.ca\/fr\/nature-et-faune\/"]}]},{"@type":"ImageObject","inLanguage":"fr-FR","@id":"https:\/\/destinationindigenous.ca\/fr\/nature-et-faune\/#primaryimage","url":"https:\/\/destinationindigenous.ca\/wp-content\/uploads\/2020\/04\/di-elk.jpg","contentUrl":"https:\/\/destinationindigenous.ca\/wp-content\/uploads\/2020\/04\/di-elk.jpg","width":2560,"height":1439},{"@type":"BreadcrumbList","@id":"https:\/\/destinationindigenous.ca\/fr\/nature-et-faune\/#breadcrumb","itemListElement":[{"@type":"ListItem","position":1,"name":"Home","item":"https:\/\/destinationindigenous.ca\/fr\/"},{"@type":"ListItem","position":2,"name":"Perspective autochtone sur la nature et la faune"}]},{"@type":"WebSite","@id":"https:\/\/destinationindigenous.ca\/fr\/#website","url":"https:\/\/destinationindigenous.ca\/fr\/","name":"DI - Planificateur de s\u00e9jour","description":"Indigenous travel experiences from across Canada","publisher":{"@id":"https:\/\/destinationindigenous.ca\/fr\/#organization"},"potentialAction":[{"@type":"SearchAction","target":{"@type":"EntryPoint","urlTemplate":"https:\/\/destinationindigenous.ca\/fr\/?s={search_term_string}"},"query-input":{"@type":"PropertyValueSpecification","valueRequired":true,"valueName":"search_term_string"}}],"inLanguage":"fr-FR"},{"@type":"Organization","@id":"https:\/\/destinationindigenous.ca\/fr\/#organization","name":"Destination Indigenous","url":"https:\/\/destinationindigenous.ca\/fr\/","logo":{"@type":"ImageObject","inLanguage":"fr-FR","@id":"https:\/\/destinationindigenous.ca\/fr\/#\/schema\/logo\/image\/","url":"https:\/\/destinationindigenous.ca\/wp-content\/uploads\/2022\/08\/di-logo-navbar@2x.png","contentUrl":"https:\/\/destinationindigenous.ca\/wp-content\/uploads\/2022\/08\/di-logo-navbar@2x.png","width":960,"height":61,"caption":"Destination Indigenous"},"image":{"@id":"https:\/\/destinationindigenous.ca\/fr\/#\/schema\/logo\/image\/"}}]}},"_links":{"self":[{"href":"https:\/\/destinationindigenous.ca\/fr\/wp-json\/wp\/v2\/pages\/6951","targetHints":{"allow":["GET"]}}],"collection":[{"href":"https:\/\/destinationindigenous.ca\/fr\/wp-json\/wp\/v2\/pages"}],"about":[{"href":"https:\/\/destinationindigenous.ca\/fr\/wp-json\/wp\/v2\/types\/page"}],"author":[{"embeddable":true,"href":"https:\/\/destinationindigenous.ca\/fr\/wp-json\/wp\/v2\/users\/41"}],"replies":[{"embeddable":true,"href":"https:\/\/destinationindigenous.ca\/fr\/wp-json\/wp\/v2\/comments?post=6951"}],"version-history":[{"count":0,"href":"https:\/\/destinationindigenous.ca\/fr\/wp-json\/wp\/v2\/pages\/6951\/revisions"}],"wp:featuredmedia":[{"embeddable":true,"href":"https:\/\/destinationindigenous.ca\/fr\/wp-json\/wp\/v2\/media\/8663"}],"wp:attachment":[{"href":"https:\/\/destinationindigenous.ca\/fr\/wp-json\/wp\/v2\/media?parent=6951"}],"wp:term":[{"taxonomy":"category","embeddable":true,"href":"https:\/\/destinationindigenous.ca\/fr\/wp-json\/wp\/v2\/categories?post=6951"},{"taxonomy":"post_tag","embeddable":true,"href":"https:\/\/destinationindigenous.ca\/fr\/wp-json\/wp\/v2\/tags?post=6951"}],"curies":[{"name":"wp","href":"https:\/\/api.w.org\/{rel}","templated":true}]}}