{"id":6973,"date":"2020-01-15T00:38:33","date_gmt":"2020-01-15T08:38:33","guid":{"rendered":"https:\/\/destinationindigenous.ca\/nature-wildlife\/the-indigenous-connection-to-nature-and-wildlife\/"},"modified":"2020-12-10T15:40:45","modified_gmt":"2020-12-10T23:40:45","slug":"intendants","status":"publish","type":"page","link":"https:\/\/destinationindigenous.ca\/fr\/nature-et-faune\/intendants\/","title":{"rendered":"Un lien ancien avec le monde naturel"},"content":{"rendered":"<p>Des esprits-ours de la c\u00f4te Ouest aux dauphins de la c\u00f4te Est, via les troupeaux de caribou du Grand Nord, personne ne conna\u00eet aussi intimement les secrets de la Nature canadienne que les premiers peuples.<\/p>\n","protected":false},"excerpt":{"rendered":"<p>From the spirit bears on the west coast to the caribou of the Far North, no one knows Canadian nature and wildlife quite like Indigenous Peoples do.<\/p>\n","protected":false},"author":41,"featured_media":9757,"parent":6951,"menu_order":0,"comment_status":"closed","ping_status":"closed","template":"","meta":{"footnotes":""},"categories":[879],"tags":[],"class_list":["post-6973","page","type-page","status-publish","has-post-thumbnail","hentry","category-education-page-fr","listing_sub_type-observation-de-la-faune-nature-aventure"],"yoast_head":"<!-- This site is optimized with the Yoast SEO Premium plugin v24.2 (Yoast SEO v24.2) - https:\/\/yoast.com\/wordpress\/plugins\/seo\/ -->\n<title>Un lien ancien avec le monde naturel - Destination Autochtones<\/title>\n<meta name=\"robots\" content=\"index, follow, max-snippet:-1, max-image-preview:large, max-video-preview:-1\" \/>\n<link rel=\"canonical\" href=\"https:\/\/destinationindigenous.ca\/fr\/nature-et-faune\/intendants\/\" \/>\n<meta property=\"og:locale\" content=\"fr_FR\" \/>\n<meta property=\"og:type\" content=\"article\" \/>\n<meta property=\"og:title\" content=\"Un lien ancien avec le monde naturel\" \/>\n<meta property=\"og:description\" content=\"From the spirit bears on the west coast to the caribou of the Far North, no one knows Canadian nature and wildlife quite like Indigenous Peoples do.\" \/>\n<meta property=\"og:url\" content=\"https:\/\/destinationindigenous.ca\/fr\/nature-et-faune\/intendants\/\" \/>\n<meta property=\"og:site_name\" content=\"DI - Planificateur de s\u00e9jour\" \/>\n<meta property=\"article:modified_time\" content=\"2020-12-10T23:40:45+00:00\" \/>\n<meta property=\"og:image\" content=\"https:\/\/destinationindigenous.ca\/wp-content\/uploads\/2020\/04\/Spirit-Bear-Lodge-splash2.a6162404d4c49faa691bfd0fc4d1ea82.jpg\" \/>\n\t<meta property=\"og:image:width\" content=\"1440\" \/>\n\t<meta property=\"og:image:height\" content=\"810\" \/>\n\t<meta property=\"og:image:type\" content=\"image\/jpeg\" \/>\n<meta name=\"twitter:card\" content=\"summary_large_image\" \/>\n<script type=\"application\/ld+json\" class=\"yoast-schema-graph\">{\"@context\":\"https:\/\/schema.org\",\"@graph\":[{\"@type\":\"WebPage\",\"@id\":\"https:\/\/destinationindigenous.ca\/fr\/nature-et-faune\/intendants\/\",\"url\":\"https:\/\/destinationindigenous.ca\/fr\/nature-et-faune\/intendants\/\",\"name\":\"Un lien ancien avec le monde naturel - Destination Autochtones\",\"isPartOf\":{\"@id\":\"https:\/\/destinationindigenous.ca\/fr\/#website\"},\"primaryImageOfPage\":{\"@id\":\"https:\/\/destinationindigenous.ca\/fr\/nature-et-faune\/intendants\/#primaryimage\"},\"image\":{\"@id\":\"https:\/\/destinationindigenous.ca\/fr\/nature-et-faune\/intendants\/#primaryimage\"},\"thumbnailUrl\":\"https:\/\/destinationindigenous.ca\/wp-content\/uploads\/2020\/04\/Spirit-Bear-Lodge-splash2.a6162404d4c49faa691bfd0fc4d1ea82.jpg\",\"datePublished\":\"2020-01-15T08:38:33+00:00\",\"dateModified\":\"2020-12-10T23:40:45+00:00\",\"breadcrumb\":{\"@id\":\"https:\/\/destinationindigenous.ca\/fr\/nature-et-faune\/intendants\/#breadcrumb\"},\"inLanguage\":\"fr-FR\",\"potentialAction\":[{\"@type\":\"ReadAction\",\"target\":[\"https:\/\/destinationindigenous.ca\/fr\/nature-et-faune\/intendants\/\"]}]},{\"@type\":\"ImageObject\",\"inLanguage\":\"fr-FR\",\"@id\":\"https:\/\/destinationindigenous.ca\/fr\/nature-et-faune\/intendants\/#primaryimage\",\"url\":\"https:\/\/destinationindigenous.ca\/wp-content\/uploads\/2020\/04\/Spirit-Bear-Lodge-splash2.a6162404d4c49faa691bfd0fc4d1ea82.jpg\",\"contentUrl\":\"https:\/\/destinationindigenous.ca\/wp-content\/uploads\/2020\/04\/Spirit-Bear-Lodge-splash2.a6162404d4c49faa691bfd0fc4d1ea82.jpg\",\"width\":1440,\"height\":810},{\"@type\":\"BreadcrumbList\",\"@id\":\"https:\/\/destinationindigenous.ca\/fr\/nature-et-faune\/intendants\/#breadcrumb\",\"itemListElement\":[{\"@type\":\"ListItem\",\"position\":1,\"name\":\"Home\",\"item\":\"https:\/\/destinationindigenous.ca\/fr\/\"},{\"@type\":\"ListItem\",\"position\":2,\"name\":\"Perspective autochtone sur la nature et la faune\",\"item\":\"https:\/\/destinationindigenous.ca\/fr\/nature-et-faune\/\"},{\"@type\":\"ListItem\",\"position\":3,\"name\":\"Un lien ancien avec le monde naturel\"}]},{\"@type\":\"WebSite\",\"@id\":\"https:\/\/destinationindigenous.ca\/fr\/#website\",\"url\":\"https:\/\/destinationindigenous.ca\/fr\/\",\"name\":\"DI - Planificateur de s\u00e9jour\",\"description\":\"Indigenous travel experiences from across Canada\",\"publisher\":{\"@id\":\"https:\/\/destinationindigenous.ca\/fr\/#organization\"},\"potentialAction\":[{\"@type\":\"SearchAction\",\"target\":{\"@type\":\"EntryPoint\",\"urlTemplate\":\"https:\/\/destinationindigenous.ca\/fr\/?s={search_term_string}\"},\"query-input\":{\"@type\":\"PropertyValueSpecification\",\"valueRequired\":true,\"valueName\":\"search_term_string\"}}],\"inLanguage\":\"fr-FR\"},{\"@type\":\"Organization\",\"@id\":\"https:\/\/destinationindigenous.ca\/fr\/#organization\",\"name\":\"Destination Indigenous\",\"url\":\"https:\/\/destinationindigenous.ca\/fr\/\",\"logo\":{\"@type\":\"ImageObject\",\"inLanguage\":\"fr-FR\",\"@id\":\"https:\/\/destinationindigenous.ca\/fr\/#\/schema\/logo\/image\/\",\"url\":\"https:\/\/destinationindigenous.ca\/wp-content\/uploads\/2022\/08\/di-logo-navbar@2x.png\",\"contentUrl\":\"https:\/\/destinationindigenous.ca\/wp-content\/uploads\/2022\/08\/di-logo-navbar@2x.png\",\"width\":960,\"height\":61,\"caption\":\"Destination Indigenous\"},\"image\":{\"@id\":\"https:\/\/destinationindigenous.ca\/fr\/#\/schema\/logo\/image\/\"}}]}<\/script>\n<!-- \/ Yoast SEO Premium plugin. -->","yoast_head_json":{"title":"Un lien ancien avec le monde naturel - Destination Autochtones","robots":{"index":"index","follow":"follow","max-snippet":"max-snippet:-1","max-image-preview":"max-image-preview:large","max-video-preview":"max-video-preview:-1"},"canonical":"https:\/\/destinationindigenous.ca\/fr\/nature-et-faune\/intendants\/","og_locale":"fr_FR","og_type":"article","og_title":"Un lien ancien avec le monde naturel","og_description":"From the spirit bears on the west coast to the caribou of the Far North, no one knows Canadian nature and wildlife quite like Indigenous Peoples do.","og_url":"https:\/\/destinationindigenous.ca\/fr\/nature-et-faune\/intendants\/","og_site_name":"DI - Planificateur de s\u00e9jour","article_modified_time":"2020-12-10T23:40:45+00:00","og_image":[{"width":1440,"height":810,"url":"https:\/\/destinationindigenous.ca\/wp-content\/uploads\/2020\/04\/Spirit-Bear-Lodge-splash2.a6162404d4c49faa691bfd0fc4d1ea82.jpg","type":"image\/jpeg"}],"twitter_card":"summary_large_image","schema":{"@context":"https:\/\/schema.org","@graph":[{"@type":"WebPage","@id":"https:\/\/destinationindigenous.ca\/fr\/nature-et-faune\/intendants\/","url":"https:\/\/destinationindigenous.ca\/fr\/nature-et-faune\/intendants\/","name":"Un lien ancien avec le monde naturel - Destination Autochtones","isPartOf":{"@id":"https:\/\/destinationindigenous.ca\/fr\/#website"},"primaryImageOfPage":{"@id":"https:\/\/destinationindigenous.ca\/fr\/nature-et-faune\/intendants\/#primaryimage"},"image":{"@id":"https:\/\/destinationindigenous.ca\/fr\/nature-et-faune\/intendants\/#primaryimage"},"thumbnailUrl":"https:\/\/destinationindigenous.ca\/wp-content\/uploads\/2020\/04\/Spirit-Bear-Lodge-splash2.a6162404d4c49faa691bfd0fc4d1ea82.jpg","datePublished":"2020-01-15T08:38:33+00:00","dateModified":"2020-12-10T23:40:45+00:00","breadcrumb":{"@id":"https:\/\/destinationindigenous.ca\/fr\/nature-et-faune\/intendants\/#breadcrumb"},"inLanguage":"fr-FR","potentialAction":[{"@type":"ReadAction","target":["https:\/\/destinationindigenous.ca\/fr\/nature-et-faune\/intendants\/"]}]},{"@type":"ImageObject","inLanguage":"fr-FR","@id":"https:\/\/destinationindigenous.ca\/fr\/nature-et-faune\/intendants\/#primaryimage","url":"https:\/\/destinationindigenous.ca\/wp-content\/uploads\/2020\/04\/Spirit-Bear-Lodge-splash2.a6162404d4c49faa691bfd0fc4d1ea82.jpg","contentUrl":"https:\/\/destinationindigenous.ca\/wp-content\/uploads\/2020\/04\/Spirit-Bear-Lodge-splash2.a6162404d4c49faa691bfd0fc4d1ea82.jpg","width":1440,"height":810},{"@type":"BreadcrumbList","@id":"https:\/\/destinationindigenous.ca\/fr\/nature-et-faune\/intendants\/#breadcrumb","itemListElement":[{"@type":"ListItem","position":1,"name":"Home","item":"https:\/\/destinationindigenous.ca\/fr\/"},{"@type":"ListItem","position":2,"name":"Perspective autochtone sur la nature et la faune","item":"https:\/\/destinationindigenous.ca\/fr\/nature-et-faune\/"},{"@type":"ListItem","position":3,"name":"Un lien ancien avec le monde naturel"}]},{"@type":"WebSite","@id":"https:\/\/destinationindigenous.ca\/fr\/#website","url":"https:\/\/destinationindigenous.ca\/fr\/","name":"DI - Planificateur de s\u00e9jour","description":"Indigenous travel experiences from across Canada","publisher":{"@id":"https:\/\/destinationindigenous.ca\/fr\/#organization"},"potentialAction":[{"@type":"SearchAction","target":{"@type":"EntryPoint","urlTemplate":"https:\/\/destinationindigenous.ca\/fr\/?s={search_term_string}"},"query-input":{"@type":"PropertyValueSpecification","valueRequired":true,"valueName":"search_term_string"}}],"inLanguage":"fr-FR"},{"@type":"Organization","@id":"https:\/\/destinationindigenous.ca\/fr\/#organization","name":"Destination Indigenous","url":"https:\/\/destinationindigenous.ca\/fr\/","logo":{"@type":"ImageObject","inLanguage":"fr-FR","@id":"https:\/\/destinationindigenous.ca\/fr\/#\/schema\/logo\/image\/","url":"https:\/\/destinationindigenous.ca\/wp-content\/uploads\/2022\/08\/di-logo-navbar@2x.png","contentUrl":"https:\/\/destinationindigenous.ca\/wp-content\/uploads\/2022\/08\/di-logo-navbar@2x.png","width":960,"height":61,"caption":"Destination Indigenous"},"image":{"@id":"https:\/\/destinationindigenous.ca\/fr\/#\/schema\/logo\/image\/"}}]}},"_links":{"self":[{"href":"https:\/\/destinationindigenous.ca\/fr\/wp-json\/wp\/v2\/pages\/6973","targetHints":{"allow":["GET"]}}],"collection":[{"href":"https:\/\/destinationindigenous.ca\/fr\/wp-json\/wp\/v2\/pages"}],"about":[{"href":"https:\/\/destinationindigenous.ca\/fr\/wp-json\/wp\/v2\/types\/page"}],"author":[{"embeddable":true,"href":"https:\/\/destinationindigenous.ca\/fr\/wp-json\/wp\/v2\/users\/41"}],"replies":[{"embeddable":true,"href":"https:\/\/destinationindigenous.ca\/fr\/wp-json\/wp\/v2\/comments?post=6973"}],"version-history":[{"count":0,"href":"https:\/\/destinationindigenous.ca\/fr\/wp-json\/wp\/v2\/pages\/6973\/revisions"}],"up":[{"embeddable":true,"href":"https:\/\/destinationindigenous.ca\/fr\/wp-json\/wp\/v2\/pages\/6951"}],"wp:featuredmedia":[{"embeddable":true,"href":"https:\/\/destinationindigenous.ca\/fr\/wp-json\/wp\/v2\/media\/9757"}],"wp:attachment":[{"href":"https:\/\/destinationindigenous.ca\/fr\/wp-json\/wp\/v2\/media?parent=6973"}],"wp:term":[{"taxonomy":"category","embeddable":true,"href":"https:\/\/destinationindigenous.ca\/fr\/wp-json\/wp\/v2\/categories?post=6973"},{"taxonomy":"post_tag","embeddable":true,"href":"https:\/\/destinationindigenous.ca\/fr\/wp-json\/wp\/v2\/tags?post=6973"}],"curies":[{"name":"wp","href":"https:\/\/api.w.org\/{rel}","templated":true}]}}