{"id":6998,"date":"2020-03-18T10:45:29","date_gmt":"2020-03-18T17:45:29","guid":{"rendered":"https:\/\/destinationindigenous.ca\/culture\/"},"modified":"2020-12-10T15:41:01","modified_gmt":"2020-12-10T23:41:01","slug":"peuples-du-canada","status":"publish","type":"page","link":"https:\/\/destinationindigenous.ca\/fr\/peuples-du-canada\/","title":{"rendered":"Les peuples autochtones au Canada"},"content":{"rendered":"<p>Au Canada, \u00ab Autochtone \u00bb est un terme g\u00e9n\u00e9rique qui d\u00e9crit les premiers peuples de ces terres et leurs descendants. Les <strong>Premi\u00e8res Nations<\/strong> sont les peuples qui ont toujours v\u00e9cu entre les oc\u00e9ans Atlantique et Pacifique, au sud de l\u2019Arctique. Les <strong>Inuit<\/strong> ont toujours v\u00e9cu dans le Grand Nord canadien. Les <strong>M\u00e9tis<\/strong> sont les descendants des membres des Premi\u00e8res Nations et des premiers colons europ\u00e9ens qui se sont unis il y a tr\u00e8s longtemps. Chaque groupe a sa propre culture, riche et vivante, largement influenc\u00e9e par l&rsquo;environnement dans lequel il vivait traditionnellement.<\/p>\n","protected":false},"excerpt":{"rendered":"<p>Au Canada, \u00ab Autochtone \u00bb est un terme g\u00e9n\u00e9rique qui d\u00e9crit les premiers peuples de ces terres et leurs descendants.<\/p>\n","protected":false},"author":41,"featured_media":9626,"parent":0,"menu_order":4,"comment_status":"closed","ping_status":"closed","template":"","meta":{"footnotes":""},"categories":[],"tags":[],"class_list":["post-6998","page","type-page","status-publish","has-post-thumbnail","hentry"],"yoast_head":"<!-- This site is optimized with the Yoast SEO Premium plugin v24.2 (Yoast SEO v24.2) - https:\/\/yoast.com\/wordpress\/plugins\/seo\/ -->\n<title>Les peuples autochtones au Canada - Destination Autochtones<\/title>\n<meta name=\"description\" content=\"Chaque groupe a sa propre culture, riche et vivante, largement influenc\u00e9e par l&#039;environnement dans lequel il vivait traditionnellement.\" \/>\n<meta name=\"robots\" content=\"index, follow, max-snippet:-1, max-image-preview:large, max-video-preview:-1\" \/>\n<link rel=\"canonical\" href=\"https:\/\/destinationindigenous.ca\/fr\/peuples-du-canada\/\" \/>\n<meta property=\"og:locale\" content=\"fr_FR\" \/>\n<meta property=\"og:type\" content=\"article\" \/>\n<meta property=\"og:title\" content=\"Les peuples autochtones au Canada\" \/>\n<meta property=\"og:description\" content=\"Chaque groupe a sa propre culture, riche et vivante, largement influenc\u00e9e par l&#039;environnement dans lequel il vivait traditionnellement.\" \/>\n<meta property=\"og:url\" content=\"https:\/\/destinationindigenous.ca\/fr\/peuples-du-canada\/\" \/>\n<meta property=\"og:site_name\" content=\"DI - Planificateur de s\u00e9jour\" \/>\n<meta property=\"article:modified_time\" content=\"2020-12-10T23:41:01+00:00\" \/>\n<meta property=\"og:image\" content=\"https:\/\/destinationindigenous.ca\/wp-content\/uploads\/2020\/01\/culture-image.jpg\" \/>\n\t<meta property=\"og:image:width\" content=\"2560\" \/>\n\t<meta property=\"og:image:height\" content=\"1440\" \/>\n\t<meta property=\"og:image:type\" content=\"image\/jpeg\" \/>\n<meta name=\"twitter:card\" content=\"summary_large_image\" \/>\n<meta name=\"twitter:label1\" content=\"Dur\u00e9e de lecture estim\u00e9e\" \/>\n\t<meta name=\"twitter:data1\" content=\"1 minute\" \/>\n<script type=\"application\/ld+json\" class=\"yoast-schema-graph\">{\"@context\":\"https:\/\/schema.org\",\"@graph\":[{\"@type\":\"WebPage\",\"@id\":\"https:\/\/destinationindigenous.ca\/fr\/peuples-du-canada\/\",\"url\":\"https:\/\/destinationindigenous.ca\/fr\/peuples-du-canada\/\",\"name\":\"Les peuples autochtones au Canada - Destination Autochtones\",\"isPartOf\":{\"@id\":\"https:\/\/destinationindigenous.ca\/fr\/#website\"},\"primaryImageOfPage\":{\"@id\":\"https:\/\/destinationindigenous.ca\/fr\/peuples-du-canada\/#primaryimage\"},\"image\":{\"@id\":\"https:\/\/destinationindigenous.ca\/fr\/peuples-du-canada\/#primaryimage\"},\"thumbnailUrl\":\"https:\/\/destinationindigenous.ca\/wp-content\/uploads\/2020\/01\/culture-image.jpg\",\"datePublished\":\"2020-03-18T17:45:29+00:00\",\"dateModified\":\"2020-12-10T23:41:01+00:00\",\"description\":\"Chaque groupe a sa propre culture, riche et vivante, largement influenc\u00e9e par l'environnement dans lequel il vivait traditionnellement.\",\"breadcrumb\":{\"@id\":\"https:\/\/destinationindigenous.ca\/fr\/peuples-du-canada\/#breadcrumb\"},\"inLanguage\":\"fr-FR\",\"potentialAction\":[{\"@type\":\"ReadAction\",\"target\":[\"https:\/\/destinationindigenous.ca\/fr\/peuples-du-canada\/\"]}]},{\"@type\":\"ImageObject\",\"inLanguage\":\"fr-FR\",\"@id\":\"https:\/\/destinationindigenous.ca\/fr\/peuples-du-canada\/#primaryimage\",\"url\":\"https:\/\/destinationindigenous.ca\/wp-content\/uploads\/2020\/01\/culture-image.jpg\",\"contentUrl\":\"https:\/\/destinationindigenous.ca\/wp-content\/uploads\/2020\/01\/culture-image.jpg\",\"width\":2560,\"height\":1440,\"caption\":\"Indigenous Peoples of Canada\"},{\"@type\":\"BreadcrumbList\",\"@id\":\"https:\/\/destinationindigenous.ca\/fr\/peuples-du-canada\/#breadcrumb\",\"itemListElement\":[{\"@type\":\"ListItem\",\"position\":1,\"name\":\"Home\",\"item\":\"https:\/\/destinationindigenous.ca\/fr\/\"},{\"@type\":\"ListItem\",\"position\":2,\"name\":\"Les peuples autochtones au Canada\"}]},{\"@type\":\"WebSite\",\"@id\":\"https:\/\/destinationindigenous.ca\/fr\/#website\",\"url\":\"https:\/\/destinationindigenous.ca\/fr\/\",\"name\":\"DI - Planificateur de s\u00e9jour\",\"description\":\"Indigenous travel experiences from across Canada\",\"publisher\":{\"@id\":\"https:\/\/destinationindigenous.ca\/fr\/#organization\"},\"potentialAction\":[{\"@type\":\"SearchAction\",\"target\":{\"@type\":\"EntryPoint\",\"urlTemplate\":\"https:\/\/destinationindigenous.ca\/fr\/?s={search_term_string}\"},\"query-input\":{\"@type\":\"PropertyValueSpecification\",\"valueRequired\":true,\"valueName\":\"search_term_string\"}}],\"inLanguage\":\"fr-FR\"},{\"@type\":\"Organization\",\"@id\":\"https:\/\/destinationindigenous.ca\/fr\/#organization\",\"name\":\"Destination Indigenous\",\"url\":\"https:\/\/destinationindigenous.ca\/fr\/\",\"logo\":{\"@type\":\"ImageObject\",\"inLanguage\":\"fr-FR\",\"@id\":\"https:\/\/destinationindigenous.ca\/fr\/#\/schema\/logo\/image\/\",\"url\":\"https:\/\/destinationindigenous.ca\/wp-content\/uploads\/2022\/08\/di-logo-navbar@2x.png\",\"contentUrl\":\"https:\/\/destinationindigenous.ca\/wp-content\/uploads\/2022\/08\/di-logo-navbar@2x.png\",\"width\":960,\"height\":61,\"caption\":\"Destination Indigenous\"},\"image\":{\"@id\":\"https:\/\/destinationindigenous.ca\/fr\/#\/schema\/logo\/image\/\"}}]}<\/script>\n<!-- \/ Yoast SEO Premium plugin. -->","yoast_head_json":{"title":"Les peuples autochtones au Canada - Destination Autochtones","description":"Chaque groupe a sa propre culture, riche et vivante, largement influenc\u00e9e par l'environnement dans lequel il vivait traditionnellement.","robots":{"index":"index","follow":"follow","max-snippet":"max-snippet:-1","max-image-preview":"max-image-preview:large","max-video-preview":"max-video-preview:-1"},"canonical":"https:\/\/destinationindigenous.ca\/fr\/peuples-du-canada\/","og_locale":"fr_FR","og_type":"article","og_title":"Les peuples autochtones au Canada","og_description":"Chaque groupe a sa propre culture, riche et vivante, largement influenc\u00e9e par l'environnement dans lequel il vivait traditionnellement.","og_url":"https:\/\/destinationindigenous.ca\/fr\/peuples-du-canada\/","og_site_name":"DI - Planificateur de s\u00e9jour","article_modified_time":"2020-12-10T23:41:01+00:00","og_image":[{"width":2560,"height":1440,"url":"https:\/\/destinationindigenous.ca\/wp-content\/uploads\/2020\/01\/culture-image.jpg","type":"image\/jpeg"}],"twitter_card":"summary_large_image","twitter_misc":{"Dur\u00e9e de lecture estim\u00e9e":"1 minute"},"schema":{"@context":"https:\/\/schema.org","@graph":[{"@type":"WebPage","@id":"https:\/\/destinationindigenous.ca\/fr\/peuples-du-canada\/","url":"https:\/\/destinationindigenous.ca\/fr\/peuples-du-canada\/","name":"Les peuples autochtones au Canada - Destination Autochtones","isPartOf":{"@id":"https:\/\/destinationindigenous.ca\/fr\/#website"},"primaryImageOfPage":{"@id":"https:\/\/destinationindigenous.ca\/fr\/peuples-du-canada\/#primaryimage"},"image":{"@id":"https:\/\/destinationindigenous.ca\/fr\/peuples-du-canada\/#primaryimage"},"thumbnailUrl":"https:\/\/destinationindigenous.ca\/wp-content\/uploads\/2020\/01\/culture-image.jpg","datePublished":"2020-03-18T17:45:29+00:00","dateModified":"2020-12-10T23:41:01+00:00","description":"Chaque groupe a sa propre culture, riche et vivante, largement influenc\u00e9e par l'environnement dans lequel il vivait traditionnellement.","breadcrumb":{"@id":"https:\/\/destinationindigenous.ca\/fr\/peuples-du-canada\/#breadcrumb"},"inLanguage":"fr-FR","potentialAction":[{"@type":"ReadAction","target":["https:\/\/destinationindigenous.ca\/fr\/peuples-du-canada\/"]}]},{"@type":"ImageObject","inLanguage":"fr-FR","@id":"https:\/\/destinationindigenous.ca\/fr\/peuples-du-canada\/#primaryimage","url":"https:\/\/destinationindigenous.ca\/wp-content\/uploads\/2020\/01\/culture-image.jpg","contentUrl":"https:\/\/destinationindigenous.ca\/wp-content\/uploads\/2020\/01\/culture-image.jpg","width":2560,"height":1440,"caption":"Indigenous Peoples of Canada"},{"@type":"BreadcrumbList","@id":"https:\/\/destinationindigenous.ca\/fr\/peuples-du-canada\/#breadcrumb","itemListElement":[{"@type":"ListItem","position":1,"name":"Home","item":"https:\/\/destinationindigenous.ca\/fr\/"},{"@type":"ListItem","position":2,"name":"Les peuples autochtones au Canada"}]},{"@type":"WebSite","@id":"https:\/\/destinationindigenous.ca\/fr\/#website","url":"https:\/\/destinationindigenous.ca\/fr\/","name":"DI - Planificateur de s\u00e9jour","description":"Indigenous travel experiences from across Canada","publisher":{"@id":"https:\/\/destinationindigenous.ca\/fr\/#organization"},"potentialAction":[{"@type":"SearchAction","target":{"@type":"EntryPoint","urlTemplate":"https:\/\/destinationindigenous.ca\/fr\/?s={search_term_string}"},"query-input":{"@type":"PropertyValueSpecification","valueRequired":true,"valueName":"search_term_string"}}],"inLanguage":"fr-FR"},{"@type":"Organization","@id":"https:\/\/destinationindigenous.ca\/fr\/#organization","name":"Destination Indigenous","url":"https:\/\/destinationindigenous.ca\/fr\/","logo":{"@type":"ImageObject","inLanguage":"fr-FR","@id":"https:\/\/destinationindigenous.ca\/fr\/#\/schema\/logo\/image\/","url":"https:\/\/destinationindigenous.ca\/wp-content\/uploads\/2022\/08\/di-logo-navbar@2x.png","contentUrl":"https:\/\/destinationindigenous.ca\/wp-content\/uploads\/2022\/08\/di-logo-navbar@2x.png","width":960,"height":61,"caption":"Destination Indigenous"},"image":{"@id":"https:\/\/destinationindigenous.ca\/fr\/#\/schema\/logo\/image\/"}}]}},"_links":{"self":[{"href":"https:\/\/destinationindigenous.ca\/fr\/wp-json\/wp\/v2\/pages\/6998","targetHints":{"allow":["GET"]}}],"collection":[{"href":"https:\/\/destinationindigenous.ca\/fr\/wp-json\/wp\/v2\/pages"}],"about":[{"href":"https:\/\/destinationindigenous.ca\/fr\/wp-json\/wp\/v2\/types\/page"}],"author":[{"embeddable":true,"href":"https:\/\/destinationindigenous.ca\/fr\/wp-json\/wp\/v2\/users\/41"}],"replies":[{"embeddable":true,"href":"https:\/\/destinationindigenous.ca\/fr\/wp-json\/wp\/v2\/comments?post=6998"}],"version-history":[{"count":0,"href":"https:\/\/destinationindigenous.ca\/fr\/wp-json\/wp\/v2\/pages\/6998\/revisions"}],"wp:featuredmedia":[{"embeddable":true,"href":"https:\/\/destinationindigenous.ca\/fr\/wp-json\/wp\/v2\/media\/9626"}],"wp:attachment":[{"href":"https:\/\/destinationindigenous.ca\/fr\/wp-json\/wp\/v2\/media?parent=6998"}],"wp:term":[{"taxonomy":"category","embeddable":true,"href":"https:\/\/destinationindigenous.ca\/fr\/wp-json\/wp\/v2\/categories?post=6998"},{"taxonomy":"post_tag","embeddable":true,"href":"https:\/\/destinationindigenous.ca\/fr\/wp-json\/wp\/v2\/tags?post=6998"}],"curies":[{"name":"wp","href":"https:\/\/api.w.org\/{rel}","templated":true}]}}