{"id":7052,"date":"2020-03-24T11:08:35","date_gmt":"2020-03-24T18:08:35","guid":{"rendered":"https:\/\/destinationindigenous.ca\/?page_id=7052"},"modified":"2020-12-10T15:41:21","modified_gmt":"2020-12-10T23:41:21","slug":"politique-de-confidentialite","status":"publish","type":"page","link":"https:\/\/destinationindigenous.ca\/fr\/politique-de-confidentialite\/","title":{"rendered":"Politique de confidentialit\u00e9"},"content":{"rendered":"\r\n<p><strong>Derni\u00e8re mise \u00e0 jour : 24 mars 2020<\/strong><\/p>\r\n<p>L\u2019ATAC (\u00ab nous \u00bb ou \u00ab notre\/nos \u00bb) g\u00e8re le site DestinationIndigenous.ca. Cette page vous informe de nos politiques concernant la collecte, l\u2019utilisation et la divulgation des renseignements personnels que nous recevons des utilisateurs du site.<\/p>\r\n<p>Nous utilisons vos renseignements personnels uniquement pour fournir et am\u00e9liorer votre exp\u00e9rience sur le site. En utilisant le site, vous acceptez la collecte et l\u2019utilisation des informations conform\u00e9ment \u00e0 cette politique.<\/p>\r\n<h3 class=\"wp-block-heading\">Collecte et utilisation d\u2019informations<\/h3>\r\n<p><br \/>En utilisant notre site, nous pouvons vous demander de nous fournir certaines informations personnelles identifiables qui peuvent \u00eatre utilis\u00e9es pour vous contacter ou vous identifier. Ces informations peuvent inclure, mais sans s\u2019y limiter, votre nom et votre adresse \u00e9lectronique (\u00ab Renseignements personnels \u00bb). Nous demandons ces informations sur notre page \u00ab Nous joindre \u00bb<\/p>\r\n<p>Nous utilisons \u00e9galement Google Analytics pour nous aider \u00e0 comprendre comment nos clients utilisent notre site. Vous pouvez en savoir plus sur comment Google utilise vos renseignements personnels ici :<\/p>\r\n<p><a href=\"https:\/\/policies.google.com\/privacy?hl=fr\">https:\/\/policies.google.com\/privacy?hl=fr<\/a><\/p>\r\n<p>Vous pouvez d\u00e9sactiver Google Analytics ici :<br \/><a href=\"https:\/\/tools.google.com\/dlpage\/gaoptout\">https:\/\/tools.google.com\/dlpage\/gaoptout<\/a><\/p>\r\n<p>Nous pouvons \u00e9galement partager vos Renseignements personnels afin de nous conformer aux lois et r\u00e8glements en vigueur, de r\u00e9pondre \u00e0 une assignation, \u00e0 un mandat de perquisition ou toute autre demande l\u00e9gale d\u2019informations que nous recevons ou pour prot\u00e9ger autrement nos droits.<\/p>\r\n<h3>Consentement<\/h3>\r\n<p><strong>Comment obtenez-vous mon consentement?<\/strong><\/p>\r\n<p><br \/>Lorsque vous nous fournissez vos Renseignements personnels sur notre formulaire de contact, nous sous-entendons que vous consentez \u00e0 ce que nous les recueillions et les utilisions pour vous contacter.<\/p>\r\n<p><strong>Comment puis-je retirer mon consentement?<\/strong><\/p>\r\n<p>Si vous changez d\u2019avis apr\u00e8s nous avoir contact\u00e9, vous pouvez retirer en tout temps votre consentement \u00e0 ce que nous communiquions avec vous pour recueillir, utiliser ou divulguer vos Renseignements personnels en nous <a href=\"https:\/\/indigenoustourism.ca\/corporate\/fr\/nous-joindre\/\">contactant<\/a>.<\/p>\r\n<h3>Donn\u00e9es de journal<\/h3>\r\n<p><br \/>Comme de nombreux exploitants de sites, nous recueillons des informations que votre navigateur envoie lorsque vous visitez notre site (\u00ab Donn\u00e9es de journal \u00bb).<br \/>Ces Donn\u00e9es de journal peuvent inclure des informations telles que l\u2019adresse de protocole Internet (\u00ab IP \u00bb) de votre ordinateur, le type et la version de votre navigateur, les pages de notre site que vous consultez, l\u2019heure et la date de consultation, le temps pass\u00e9 sur ces pages ainsi que d\u2019autres statistiques.<\/p>\r\n<p>En outre, nous pouvons utiliser des services tiers comme, mais sans s\u2019y limiter, Google Analytics qui recueillent, surveillent et analysent les activit\u00e9s des utilisateurs sur notre site Web.<\/p>\r\n<h3>T\u00e9moins de connexion<\/h3>\r\n<p><br \/>Les t\u00e9moins de connexion sont des fichiers avec une petite quantit\u00e9 de donn\u00e9es, qui peuvent inclure un identifiant unique anonyme. Les t\u00e9moins sont envoy\u00e9s \u00e0 votre navigateur \u00e0 partir d\u2019un site Web et stock\u00e9s sur le disque dur de votre ordinateur.<\/p>\r\n<p>Comme beaucoup de sites, nous utilisons des t\u00e9moins de connexion pour recueillir des informations. Vous pouvez configurer votre navigateur pour refuser tous les t\u00e9moins ou pour indiquer quand un t\u00e9moin est envoy\u00e9. Toutefois, si vous n\u2019acceptez pas les t\u00e9moins, vous pourriez ne pas \u00eatre en mesure d\u2019utiliser certaines parties de notre site.<\/p>\r\n<p>&nbsp;<\/p>\r\n<p>Pour plus d\u2019informations sur la fa\u00e7on dont nous utilisons les t\u00e9moins, veuillez consulter notre <a href=\"https:\/\/destinationindigenous.ca\/fr\/cookie-policy\/\">politique des t\u00e9moins de connexion<\/a>.<\/p>\r\n<h3>S\u00e9curit\u00e9<\/h3>\r\n<p><br \/>La s\u00e9curit\u00e9 de vos Renseignements personnels est importante pour nous, mais rappelez-vous qu\u2019aucune m\u00e9thode de transmission sur Internet ou de stockage \u00e9lectronique n\u2019est s\u00e9curis\u00e9e \u00e0 100 %. Alors que nous nous effor\u00e7ons d\u2019utiliser des moyens commercialement acceptables pour prot\u00e9ger vos Renseignements personnels, nous ne pouvons garantir leur s\u00e9curit\u00e9 absolue.<\/p>\r\n<h3>Changements \u00e0 cette politique de confidentialit\u00e9<\/h3>\r\n<p>Cette politique de confidentialit\u00e9 entre en vigueur \u00e0 compter de mai 2018 et le demeurera sauf en ce qui concerne les modifications de ses dispositions futures, qui entreront en vigueur imm\u00e9diatement apr\u00e8s leur publication sur cette page.<\/p>\r\n<p><br \/>Nous nous r\u00e9servons le droit de mettre \u00e0 jour ou de modifier notre politique de confidentialit\u00e9 \u00e0 tout moment. Vous en serez avis\u00e9 et vous pouvez la consulter en tout temps. Votre utilisation continue du Service apr\u00e8s que nous ayons publi\u00e9 des modifications \u00e0 la politique de confidentialit\u00e9 sur cette page constituera votre reconnaissance des modifications et votre consentement \u00e0 respecter et \u00e0 \u00eatre li\u00e9 par la politique de confidentialit\u00e9 modifi\u00e9e.<\/p>\r\n<p><br \/>Si nous apportons des changements importants \u00e0 cette politique de confidentialit\u00e9, nous vous en informerons soit \u00e0 l\u2019adresse \u00e9lectronique que vous nous avez fournie, ou en pla\u00e7ant un avis bien visible sur notre site Web.<\/p>\r\n<h3><br \/>Nous joindre<\/h3>\r\n<p>Pour toute question concernant cette politique de confidentialit\u00e9, veuillez nous <a href=\"https:\/\/indigenoustourism.ca\/corporate\/fr\/nous-joindre\/\">contacter<\/a>.<\/p>\r\n","protected":false},"excerpt":{"rendered":"<p>Derni\u00e8re mise \u00e0 jour : 24 mars 2020 L\u2019ATAC (\u00ab nous \u00bb ou \u00ab notre\/nos \u00bb) g\u00e8re le site DestinationIndigenous.ca. [&hellip;]<\/p>\n","protected":false},"author":41,"featured_media":0,"parent":0,"menu_order":7,"comment_status":"closed","ping_status":"closed","template":"page-utility.php","meta":{"footnotes":""},"categories":[],"tags":[],"class_list":["post-7052","page","type-page","status-publish","hentry"],"yoast_head":"<!-- This site is optimized with the Yoast SEO Premium plugin v24.2 (Yoast SEO v24.2) - https:\/\/yoast.com\/wordpress\/plugins\/seo\/ -->\n<title>Politique de confidentialit\u00e9 - Destination Autochtones<\/title>\n<meta name=\"robots\" content=\"index, follow, max-snippet:-1, max-image-preview:large, max-video-preview:-1\" \/>\n<link rel=\"canonical\" href=\"https:\/\/destinationindigenous.ca\/fr\/politique-de-confidentialite\/\" \/>\n<meta property=\"og:locale\" content=\"fr_FR\" \/>\n<meta property=\"og:type\" content=\"article\" \/>\n<meta property=\"og:title\" content=\"Politique de confidentialit\u00e9\" \/>\n<meta property=\"og:description\" content=\"Derni\u00e8re mise \u00e0 jour : 24 mars 2020 L\u2019ATAC (\u00ab nous \u00bb ou \u00ab notre\/nos \u00bb) g\u00e8re le site DestinationIndigenous.ca. [&hellip;]\" \/>\n<meta property=\"og:url\" content=\"https:\/\/destinationindigenous.ca\/fr\/politique-de-confidentialite\/\" \/>\n<meta property=\"og:site_name\" content=\"DI - Planificateur de s\u00e9jour\" \/>\n<meta property=\"article:modified_time\" content=\"2020-12-10T23:41:21+00:00\" \/>\n<meta name=\"twitter:card\" content=\"summary_large_image\" \/>\n<meta name=\"twitter:label1\" content=\"Dur\u00e9e de lecture estim\u00e9e\" \/>\n\t<meta name=\"twitter:data1\" content=\"4 minutes\" \/>\n<script type=\"application\/ld+json\" class=\"yoast-schema-graph\">{\"@context\":\"https:\/\/schema.org\",\"@graph\":[{\"@type\":\"WebPage\",\"@id\":\"https:\/\/destinationindigenous.ca\/fr\/politique-de-confidentialite\/\",\"url\":\"https:\/\/destinationindigenous.ca\/fr\/politique-de-confidentialite\/\",\"name\":\"Politique de confidentialit\u00e9 - Destination Autochtones\",\"isPartOf\":{\"@id\":\"https:\/\/destinationindigenous.ca\/fr\/#website\"},\"datePublished\":\"2020-03-24T18:08:35+00:00\",\"dateModified\":\"2020-12-10T23:41:21+00:00\",\"breadcrumb\":{\"@id\":\"https:\/\/destinationindigenous.ca\/fr\/politique-de-confidentialite\/#breadcrumb\"},\"inLanguage\":\"fr-FR\",\"potentialAction\":[{\"@type\":\"ReadAction\",\"target\":[\"https:\/\/destinationindigenous.ca\/fr\/politique-de-confidentialite\/\"]}]},{\"@type\":\"BreadcrumbList\",\"@id\":\"https:\/\/destinationindigenous.ca\/fr\/politique-de-confidentialite\/#breadcrumb\",\"itemListElement\":[{\"@type\":\"ListItem\",\"position\":1,\"name\":\"Home\",\"item\":\"https:\/\/destinationindigenous.ca\/fr\/\"},{\"@type\":\"ListItem\",\"position\":2,\"name\":\"Politique de confidentialit\u00e9\"}]},{\"@type\":\"WebSite\",\"@id\":\"https:\/\/destinationindigenous.ca\/fr\/#website\",\"url\":\"https:\/\/destinationindigenous.ca\/fr\/\",\"name\":\"DI - Planificateur de s\u00e9jour\",\"description\":\"Indigenous travel experiences from across Canada\",\"publisher\":{\"@id\":\"https:\/\/destinationindigenous.ca\/fr\/#organization\"},\"potentialAction\":[{\"@type\":\"SearchAction\",\"target\":{\"@type\":\"EntryPoint\",\"urlTemplate\":\"https:\/\/destinationindigenous.ca\/fr\/?s={search_term_string}\"},\"query-input\":{\"@type\":\"PropertyValueSpecification\",\"valueRequired\":true,\"valueName\":\"search_term_string\"}}],\"inLanguage\":\"fr-FR\"},{\"@type\":\"Organization\",\"@id\":\"https:\/\/destinationindigenous.ca\/fr\/#organization\",\"name\":\"Destination Indigenous\",\"url\":\"https:\/\/destinationindigenous.ca\/fr\/\",\"logo\":{\"@type\":\"ImageObject\",\"inLanguage\":\"fr-FR\",\"@id\":\"https:\/\/destinationindigenous.ca\/fr\/#\/schema\/logo\/image\/\",\"url\":\"https:\/\/destinationindigenous.ca\/wp-content\/uploads\/2022\/08\/di-logo-navbar@2x.png\",\"contentUrl\":\"https:\/\/destinationindigenous.ca\/wp-content\/uploads\/2022\/08\/di-logo-navbar@2x.png\",\"width\":960,\"height\":61,\"caption\":\"Destination Indigenous\"},\"image\":{\"@id\":\"https:\/\/destinationindigenous.ca\/fr\/#\/schema\/logo\/image\/\"}}]}<\/script>\n<!-- \/ Yoast SEO Premium plugin. -->","yoast_head_json":{"title":"Politique de confidentialit\u00e9 - Destination Autochtones","robots":{"index":"index","follow":"follow","max-snippet":"max-snippet:-1","max-image-preview":"max-image-preview:large","max-video-preview":"max-video-preview:-1"},"canonical":"https:\/\/destinationindigenous.ca\/fr\/politique-de-confidentialite\/","og_locale":"fr_FR","og_type":"article","og_title":"Politique de confidentialit\u00e9","og_description":"Derni\u00e8re mise \u00e0 jour : 24 mars 2020 L\u2019ATAC (\u00ab nous \u00bb ou \u00ab notre\/nos \u00bb) g\u00e8re le site DestinationIndigenous.ca. [&hellip;]","og_url":"https:\/\/destinationindigenous.ca\/fr\/politique-de-confidentialite\/","og_site_name":"DI - Planificateur de s\u00e9jour","article_modified_time":"2020-12-10T23:41:21+00:00","twitter_card":"summary_large_image","twitter_misc":{"Dur\u00e9e de lecture estim\u00e9e":"4 minutes"},"schema":{"@context":"https:\/\/schema.org","@graph":[{"@type":"WebPage","@id":"https:\/\/destinationindigenous.ca\/fr\/politique-de-confidentialite\/","url":"https:\/\/destinationindigenous.ca\/fr\/politique-de-confidentialite\/","name":"Politique de confidentialit\u00e9 - Destination Autochtones","isPartOf":{"@id":"https:\/\/destinationindigenous.ca\/fr\/#website"},"datePublished":"2020-03-24T18:08:35+00:00","dateModified":"2020-12-10T23:41:21+00:00","breadcrumb":{"@id":"https:\/\/destinationindigenous.ca\/fr\/politique-de-confidentialite\/#breadcrumb"},"inLanguage":"fr-FR","potentialAction":[{"@type":"ReadAction","target":["https:\/\/destinationindigenous.ca\/fr\/politique-de-confidentialite\/"]}]},{"@type":"BreadcrumbList","@id":"https:\/\/destinationindigenous.ca\/fr\/politique-de-confidentialite\/#breadcrumb","itemListElement":[{"@type":"ListItem","position":1,"name":"Home","item":"https:\/\/destinationindigenous.ca\/fr\/"},{"@type":"ListItem","position":2,"name":"Politique de confidentialit\u00e9"}]},{"@type":"WebSite","@id":"https:\/\/destinationindigenous.ca\/fr\/#website","url":"https:\/\/destinationindigenous.ca\/fr\/","name":"DI - Planificateur de s\u00e9jour","description":"Indigenous travel experiences from across Canada","publisher":{"@id":"https:\/\/destinationindigenous.ca\/fr\/#organization"},"potentialAction":[{"@type":"SearchAction","target":{"@type":"EntryPoint","urlTemplate":"https:\/\/destinationindigenous.ca\/fr\/?s={search_term_string}"},"query-input":{"@type":"PropertyValueSpecification","valueRequired":true,"valueName":"search_term_string"}}],"inLanguage":"fr-FR"},{"@type":"Organization","@id":"https:\/\/destinationindigenous.ca\/fr\/#organization","name":"Destination Indigenous","url":"https:\/\/destinationindigenous.ca\/fr\/","logo":{"@type":"ImageObject","inLanguage":"fr-FR","@id":"https:\/\/destinationindigenous.ca\/fr\/#\/schema\/logo\/image\/","url":"https:\/\/destinationindigenous.ca\/wp-content\/uploads\/2022\/08\/di-logo-navbar@2x.png","contentUrl":"https:\/\/destinationindigenous.ca\/wp-content\/uploads\/2022\/08\/di-logo-navbar@2x.png","width":960,"height":61,"caption":"Destination Indigenous"},"image":{"@id":"https:\/\/destinationindigenous.ca\/fr\/#\/schema\/logo\/image\/"}}]}},"_links":{"self":[{"href":"https:\/\/destinationindigenous.ca\/fr\/wp-json\/wp\/v2\/pages\/7052","targetHints":{"allow":["GET"]}}],"collection":[{"href":"https:\/\/destinationindigenous.ca\/fr\/wp-json\/wp\/v2\/pages"}],"about":[{"href":"https:\/\/destinationindigenous.ca\/fr\/wp-json\/wp\/v2\/types\/page"}],"author":[{"embeddable":true,"href":"https:\/\/destinationindigenous.ca\/fr\/wp-json\/wp\/v2\/users\/41"}],"replies":[{"embeddable":true,"href":"https:\/\/destinationindigenous.ca\/fr\/wp-json\/wp\/v2\/comments?post=7052"}],"version-history":[{"count":0,"href":"https:\/\/destinationindigenous.ca\/fr\/wp-json\/wp\/v2\/pages\/7052\/revisions"}],"wp:attachment":[{"href":"https:\/\/destinationindigenous.ca\/fr\/wp-json\/wp\/v2\/media?parent=7052"}],"wp:term":[{"taxonomy":"category","embeddable":true,"href":"https:\/\/destinationindigenous.ca\/fr\/wp-json\/wp\/v2\/categories?post=7052"},{"taxonomy":"post_tag","embeddable":true,"href":"https:\/\/destinationindigenous.ca\/fr\/wp-json\/wp\/v2\/tags?post=7052"}],"curies":[{"name":"wp","href":"https:\/\/api.w.org\/{rel}","templated":true}]}}