{"id":7059,"date":"2020-03-24T11:08:51","date_gmt":"2020-03-24T18:08:51","guid":{"rendered":"https:\/\/destinationindigenous.ca\/?page_id=7059"},"modified":"2020-12-10T15:41:29","modified_gmt":"2020-12-10T23:41:29","slug":"temoins-de-connexion","status":"publish","type":"page","link":"https:\/\/destinationindigenous.ca\/fr\/temoins-de-connexion\/","title":{"rendered":"Politique des t\u00e9moins de connexion"},"content":{"rendered":"<p style=\"text-align: left;\"><strong>Derni\u00e8re mise \u00e0 jour : 24 mars 2020<\/strong><\/p>\n<p style=\"text-align: left;\">L\u2019ATAC (\u00ab nous \u00bb ou \u00ab notre\/nos \u00bb) utilise des t\u00e9moins de connexion sur DestinationIndigenous.ca (le \u00ab Service \u00bb). En utilisant le Service, vous consentez \u00e0 l\u2019utilisation des t\u00e9moins. Notre politique des t\u00e9moins de connexion explique ce que sont les t\u00e9moins, comment nous les utilisons, comment les tiers avec qui nous pouvons nous associer peuvent les utiliser sur le Service, vos options ainsi que d\u2019autres informations concernant les t\u00e9moins.<\/p>\n<h3 style=\"text-align: left;\">Qu\u2019est-ce qu\u2019un t\u00e9moin de connexion?<\/h3>\n<p style=\"text-align: left;\">Les t\u00e9moins de connexion sont de petites s\u00e9quences de texte envoy\u00e9es par votre navigateur Web lorsque vous visitez un site. Un fichier de t\u00e9moins est stock\u00e9 dans votre navigateur Web et permet au Service ou \u00e0 un tiers de vous reconna\u00eetre, de faciliter votre prochaine visite et de rendre le Service plus utile pour vous.<\/p>\n<p style=\"text-align: left;\">Les t\u00e9moins peuvent \u00eatre des t\u00e9moins \u00ab persistants \u00bb ou \u00ab de session \u00bb.<\/p>\n<h3 style=\"text-align: left;\">Comment nous utilisons les t\u00e9moins de connexion<\/h3>\n<p style=\"text-align: left;\">Quand vous utilisez et acc\u00e9dez au Service, nous pouvons placer un certain nombre de fichiers de t\u00e9moins dans votre navigateur Web. Nous utilisons des t\u00e9moins aux fins suivantes : pour activer certaines fonctionnalit\u00e9s du Service, pour r\u00e9aliser des analyses, pour stocker vos pr\u00e9f\u00e9rences et faciliter la diffusion de publicit\u00e9s incluant les publicit\u00e9s comportementales.<\/p>\n<p style=\"text-align: left;\">Nous utilisons des t\u00e9moins de session et persistants sur le Service et diff\u00e9rents types de t\u00e9moins pour le fonctionnement du Service.<\/p>\n<h3 style=\"text-align: left;\">T\u00e9moins de session<\/h3>\n<p style=\"text-align: left;\">Les t\u00e9moins de session sont utilis\u00e9s par le serveur pour sauvegarder des informations \u00e0 propos des activit\u00e9s des utilisateurs pour qu\u2019ils puissent facilement reprendre l\u00e0 o\u00f9 ils en \u00e9taient sur les pages du serveur. Par d\u00e9faut, les pages Web n\u2019ont aucune m\u00e9moire. Les t\u00e9moins de connexion indiquent au serveur quelles pages afficher \u00e0 l\u2019utilisateur pour qu\u2019il n\u2019ait pas \u00e0 s\u2019en souvenir ou tout reprendre \u00e0 z\u00e9ro sur le site. Ils agissent, en quelque sorte, comme un \u00ab signet \u00bb sur le site.<\/p>\n<h3 style=\"text-align: left;\">T\u00e9moins de connexion tiers<\/h3>\n<p style=\"text-align: left;\">En plus de nos propres t\u00e9moins de connexion, nous pouvons \u00e9galement utiliser divers t\u00e9moins tiers pour signaler les statistiques d\u2019utilisation du Service, diffuser des publicit\u00e9s sur et via le Service, etc.<\/p>\n<h3 style=\"text-align: left;\">T\u00e9moins de performance<\/h3>\n<p style=\"text-align: left;\">Google Analytics<\/p>\n<h3 style=\"text-align: left;\">T\u00e9moins de fonctionnalit\u00e9<\/h3>\n<ul>\n<li>Facebook Pixel<\/li>\n<li>Google Remarketing<\/li>\n<li>Vimeo<\/li>\n<li>Youtube<\/li>\n<\/ul>\n<h3 style=\"text-align: left;\">Quels sont vos options en mati\u00e8re des t\u00e9moins?<\/h3>\n<p style=\"text-align: left;\">Si vous souhaitez supprimer les t\u00e9moins ou demander \u00e0 votre navigateur Web de les supprimer ou refuser, veuillez consulter les pages d\u2019aide de votre navigateur Web :<\/p>\n<ul>\n<li style=\"text-align: left;\">Facebook \u2013 <a href=\"https:\/\/www.facebook.com\/policies\/cookies\/\">https:\/\/www.facebook.com\/policies\/cookies\/<\/a><\/li>\n<li style=\"text-align: left;\">Google Analytics \u2013 <a href=\"https:\/\/tools.google.com\/dlpage\/gaoptout\">https:\/\/tools.google.com\/dlpage\/gaoptout<\/a><\/li>\n<li>Vimeo &#8211; <a href=\"https:\/\/vimeo.com\/cookie_policy\">https:\/\/vimeo.com\/cookie_policy<\/a><\/li>\n<li>YouTube \u2013 <a href=\"https:\/\/www.youtube.com\/account_privacy\" data-rel=\"lightbox-video-0\">https:\/\/www.youtube.com\/account_privacy<\/a><\/li>\n<\/ul>\n<p style=\"text-align: left;\">Veuillez noter, cependant, que si vous supprimez les t\u00e9moins ou choisissez de ne pas les accepter, vous pourriez ne pas \u00eatre en mesure d\u2019utiliser toutes les fonctionnalit\u00e9s que nous proposons. Vous pourriez ne pas pouvoir sauvegarder vos pr\u00e9f\u00e9rences et certaines de nos pages risquent de ne pas s\u2019afficher correctement.<\/p>\n<h3 style=\"text-align: left;\">O\u00f9 pouvez-vous trouver plus de renseignements sur les t\u00e9moins?<\/h3>\n<p style=\"text-align: left;\">Vous pouvez en apprendre davantage sur les sites Web tiers suivants :<\/p>\n<p style=\"text-align: left;\">AllAboutCookies : <a href=\"http:\/\/www.allaboutcookies.org\">http:\/\/www.allaboutcookies.org<\/a><\/p>\n<p style=\"text-align: left;\">Network Advertising Initiative : <a href=\"http:\/\/www.networkadvertising.org\">http:\/\/www.networkadvertising.org<\/a><\/p>\n<p style=\"text-align: left;\">Voir notre <a href=\"https:\/\/destinationindigenous.ca\/fr\/privacy\/\">politique de confidentialit\u00e9<\/a><\/p>\n","protected":false},"excerpt":{"rendered":"<p>Derni\u00e8re mise \u00e0 jour : 24 mars 2020 L\u2019ATAC (\u00ab nous \u00bb ou \u00ab notre\/nos \u00bb) utilise des t\u00e9moins de [&hellip;]<\/p>\n","protected":false},"author":41,"featured_media":0,"parent":0,"menu_order":8,"comment_status":"closed","ping_status":"closed","template":"page-utility.php","meta":{"footnotes":""},"categories":[],"tags":[],"class_list":["post-7059","page","type-page","status-publish","hentry"],"yoast_head":"<!-- This site is optimized with the Yoast SEO Premium plugin v24.2 (Yoast SEO v24.2) - https:\/\/yoast.com\/wordpress\/plugins\/seo\/ -->\n<title>Politique des t\u00e9moins de connexion - Destination Autochtones<\/title>\n<meta name=\"robots\" content=\"index, follow, max-snippet:-1, max-image-preview:large, max-video-preview:-1\" \/>\n<link rel=\"canonical\" href=\"https:\/\/destinationindigenous.ca\/fr\/temoins-de-connexion\/\" \/>\n<meta property=\"og:locale\" content=\"fr_FR\" \/>\n<meta property=\"og:type\" content=\"article\" \/>\n<meta property=\"og:title\" content=\"Politique des t\u00e9moins de connexion\" \/>\n<meta property=\"og:description\" content=\"Derni\u00e8re mise \u00e0 jour : 24 mars 2020 L\u2019ATAC (\u00ab nous \u00bb ou \u00ab notre\/nos \u00bb) utilise des t\u00e9moins de [&hellip;]\" \/>\n<meta property=\"og:url\" content=\"https:\/\/destinationindigenous.ca\/fr\/temoins-de-connexion\/\" \/>\n<meta property=\"og:site_name\" content=\"DI - Planificateur de s\u00e9jour\" \/>\n<meta property=\"article:modified_time\" content=\"2020-12-10T23:41:29+00:00\" \/>\n<meta name=\"twitter:card\" content=\"summary_large_image\" \/>\n<meta name=\"twitter:label1\" content=\"Dur\u00e9e de lecture estim\u00e9e\" \/>\n\t<meta name=\"twitter:data1\" content=\"3 minutes\" \/>\n<script type=\"application\/ld+json\" class=\"yoast-schema-graph\">{\"@context\":\"https:\/\/schema.org\",\"@graph\":[{\"@type\":\"WebPage\",\"@id\":\"https:\/\/destinationindigenous.ca\/fr\/temoins-de-connexion\/\",\"url\":\"https:\/\/destinationindigenous.ca\/fr\/temoins-de-connexion\/\",\"name\":\"Politique des t\u00e9moins de connexion - Destination Autochtones\",\"isPartOf\":{\"@id\":\"https:\/\/destinationindigenous.ca\/fr\/#website\"},\"datePublished\":\"2020-03-24T18:08:51+00:00\",\"dateModified\":\"2020-12-10T23:41:29+00:00\",\"breadcrumb\":{\"@id\":\"https:\/\/destinationindigenous.ca\/fr\/temoins-de-connexion\/#breadcrumb\"},\"inLanguage\":\"fr-FR\",\"potentialAction\":[{\"@type\":\"ReadAction\",\"target\":[\"https:\/\/destinationindigenous.ca\/fr\/temoins-de-connexion\/\"]}]},{\"@type\":\"BreadcrumbList\",\"@id\":\"https:\/\/destinationindigenous.ca\/fr\/temoins-de-connexion\/#breadcrumb\",\"itemListElement\":[{\"@type\":\"ListItem\",\"position\":1,\"name\":\"Home\",\"item\":\"https:\/\/destinationindigenous.ca\/fr\/\"},{\"@type\":\"ListItem\",\"position\":2,\"name\":\"Politique des t\u00e9moins de connexion\"}]},{\"@type\":\"WebSite\",\"@id\":\"https:\/\/destinationindigenous.ca\/fr\/#website\",\"url\":\"https:\/\/destinationindigenous.ca\/fr\/\",\"name\":\"DI - Planificateur de s\u00e9jour\",\"description\":\"Indigenous travel experiences from across Canada\",\"publisher\":{\"@id\":\"https:\/\/destinationindigenous.ca\/fr\/#organization\"},\"potentialAction\":[{\"@type\":\"SearchAction\",\"target\":{\"@type\":\"EntryPoint\",\"urlTemplate\":\"https:\/\/destinationindigenous.ca\/fr\/?s={search_term_string}\"},\"query-input\":{\"@type\":\"PropertyValueSpecification\",\"valueRequired\":true,\"valueName\":\"search_term_string\"}}],\"inLanguage\":\"fr-FR\"},{\"@type\":\"Organization\",\"@id\":\"https:\/\/destinationindigenous.ca\/fr\/#organization\",\"name\":\"Destination Indigenous\",\"url\":\"https:\/\/destinationindigenous.ca\/fr\/\",\"logo\":{\"@type\":\"ImageObject\",\"inLanguage\":\"fr-FR\",\"@id\":\"https:\/\/destinationindigenous.ca\/fr\/#\/schema\/logo\/image\/\",\"url\":\"https:\/\/destinationindigenous.ca\/wp-content\/uploads\/2022\/08\/di-logo-navbar@2x.png\",\"contentUrl\":\"https:\/\/destinationindigenous.ca\/wp-content\/uploads\/2022\/08\/di-logo-navbar@2x.png\",\"width\":960,\"height\":61,\"caption\":\"Destination Indigenous\"},\"image\":{\"@id\":\"https:\/\/destinationindigenous.ca\/fr\/#\/schema\/logo\/image\/\"}}]}<\/script>\n<!-- \/ Yoast SEO Premium plugin. -->","yoast_head_json":{"title":"Politique des t\u00e9moins de connexion - Destination Autochtones","robots":{"index":"index","follow":"follow","max-snippet":"max-snippet:-1","max-image-preview":"max-image-preview:large","max-video-preview":"max-video-preview:-1"},"canonical":"https:\/\/destinationindigenous.ca\/fr\/temoins-de-connexion\/","og_locale":"fr_FR","og_type":"article","og_title":"Politique des t\u00e9moins de connexion","og_description":"Derni\u00e8re mise \u00e0 jour : 24 mars 2020 L\u2019ATAC (\u00ab nous \u00bb ou \u00ab notre\/nos \u00bb) utilise des t\u00e9moins de [&hellip;]","og_url":"https:\/\/destinationindigenous.ca\/fr\/temoins-de-connexion\/","og_site_name":"DI - Planificateur de s\u00e9jour","article_modified_time":"2020-12-10T23:41:29+00:00","twitter_card":"summary_large_image","twitter_misc":{"Dur\u00e9e de lecture estim\u00e9e":"3 minutes"},"schema":{"@context":"https:\/\/schema.org","@graph":[{"@type":"WebPage","@id":"https:\/\/destinationindigenous.ca\/fr\/temoins-de-connexion\/","url":"https:\/\/destinationindigenous.ca\/fr\/temoins-de-connexion\/","name":"Politique des t\u00e9moins de connexion - Destination Autochtones","isPartOf":{"@id":"https:\/\/destinationindigenous.ca\/fr\/#website"},"datePublished":"2020-03-24T18:08:51+00:00","dateModified":"2020-12-10T23:41:29+00:00","breadcrumb":{"@id":"https:\/\/destinationindigenous.ca\/fr\/temoins-de-connexion\/#breadcrumb"},"inLanguage":"fr-FR","potentialAction":[{"@type":"ReadAction","target":["https:\/\/destinationindigenous.ca\/fr\/temoins-de-connexion\/"]}]},{"@type":"BreadcrumbList","@id":"https:\/\/destinationindigenous.ca\/fr\/temoins-de-connexion\/#breadcrumb","itemListElement":[{"@type":"ListItem","position":1,"name":"Home","item":"https:\/\/destinationindigenous.ca\/fr\/"},{"@type":"ListItem","position":2,"name":"Politique des t\u00e9moins de connexion"}]},{"@type":"WebSite","@id":"https:\/\/destinationindigenous.ca\/fr\/#website","url":"https:\/\/destinationindigenous.ca\/fr\/","name":"DI - Planificateur de s\u00e9jour","description":"Indigenous travel experiences from across Canada","publisher":{"@id":"https:\/\/destinationindigenous.ca\/fr\/#organization"},"potentialAction":[{"@type":"SearchAction","target":{"@type":"EntryPoint","urlTemplate":"https:\/\/destinationindigenous.ca\/fr\/?s={search_term_string}"},"query-input":{"@type":"PropertyValueSpecification","valueRequired":true,"valueName":"search_term_string"}}],"inLanguage":"fr-FR"},{"@type":"Organization","@id":"https:\/\/destinationindigenous.ca\/fr\/#organization","name":"Destination Indigenous","url":"https:\/\/destinationindigenous.ca\/fr\/","logo":{"@type":"ImageObject","inLanguage":"fr-FR","@id":"https:\/\/destinationindigenous.ca\/fr\/#\/schema\/logo\/image\/","url":"https:\/\/destinationindigenous.ca\/wp-content\/uploads\/2022\/08\/di-logo-navbar@2x.png","contentUrl":"https:\/\/destinationindigenous.ca\/wp-content\/uploads\/2022\/08\/di-logo-navbar@2x.png","width":960,"height":61,"caption":"Destination Indigenous"},"image":{"@id":"https:\/\/destinationindigenous.ca\/fr\/#\/schema\/logo\/image\/"}}]}},"_links":{"self":[{"href":"https:\/\/destinationindigenous.ca\/fr\/wp-json\/wp\/v2\/pages\/7059","targetHints":{"allow":["GET"]}}],"collection":[{"href":"https:\/\/destinationindigenous.ca\/fr\/wp-json\/wp\/v2\/pages"}],"about":[{"href":"https:\/\/destinationindigenous.ca\/fr\/wp-json\/wp\/v2\/types\/page"}],"author":[{"embeddable":true,"href":"https:\/\/destinationindigenous.ca\/fr\/wp-json\/wp\/v2\/users\/41"}],"replies":[{"embeddable":true,"href":"https:\/\/destinationindigenous.ca\/fr\/wp-json\/wp\/v2\/comments?post=7059"}],"version-history":[{"count":0,"href":"https:\/\/destinationindigenous.ca\/fr\/wp-json\/wp\/v2\/pages\/7059\/revisions"}],"wp:attachment":[{"href":"https:\/\/destinationindigenous.ca\/fr\/wp-json\/wp\/v2\/media?parent=7059"}],"wp:term":[{"taxonomy":"category","embeddable":true,"href":"https:\/\/destinationindigenous.ca\/fr\/wp-json\/wp\/v2\/categories?post=7059"},{"taxonomy":"post_tag","embeddable":true,"href":"https:\/\/destinationindigenous.ca\/fr\/wp-json\/wp\/v2\/tags?post=7059"}],"curies":[{"name":"wp","href":"https:\/\/api.w.org\/{rel}","templated":true}]}}